{"id":49842,"date":"2023-03-28T15:44:36","date_gmt":"2023-03-28T12:44:36","guid":{"rendered":"https:\/\/mehmetcaglikulekci.com\/?page_id=49842"},"modified":"2025-07-21T13:50:44","modified_gmt":"2025-07-21T10:50:44","slug":"uye-olunan-bilimsel-dernekler","status":"publish","type":"page","link":"https:\/\/mehmetcaglikulekci.com\/ru\/%d0%bd%d0%b0%d1%83%d1%87%d0%bd%d1%8b%d0%b5-%d0%b0%d1%81%d1%81%d0%be%d1%86%d0%b8%d0%b0%d1%86%d0%b8%d0%b8-%d1%87%d0%bb%d0%b5%d0%bd%d0%b0%d0%bc%d0%b8-%d0%ba%d0%be%d1%82%d0%be%d1%80%d1%8b%d1%85-%d0%bc\/","title":{"rendered":"\u041d\u0430\u0443\u0447\u043d\u044b\u0435 \u0430\u0441\u0441\u043e\u0446\u0438\u0430\u0446\u0438\u0438, \u0447\u043b\u0435\u043d\u0430\u043c\u0438 \u043a\u043e\u0442\u043e\u0440\u044b\u0445 \u043c\u044b \u044f\u0432\u043b\u044f\u0435\u043c\u0441\u044f"},"content":{"rendered":"<div data-elementor-type=\"wp-page\" data-elementor-id=\"49842\" class=\"elementor elementor-49842\">\n\t\t\t\t\t\t<section class=\"elementor-section elementor-top-section elementor-element elementor-element-fa43ad9 yazikapsa elementor-section-boxed elementor-section-height-default elementor-section-height-default\" data-id=\"fa43ad9\" data-element_type=\"section\">\n\t\t\t\t\t\t<div class=\"elementor-container elementor-column-gap-default\">\n\t\t\t\t\t<div class=\"elementor-column elementor-col-66 elementor-top-column elementor-element elementor-element-aa1e94e\" data-id=\"aa1e94e\" data-element_type=\"column\">\n\t\t\t<div class=\"elementor-widget-wrap elementor-element-populated\">\n\t\t\t\t\t\t<div class=\"elementor-element elementor-element-e156aeb elementor-widget elementor-widget-text-editor\" data-id=\"e156aeb\" data-element_type=\"widget\" data-widget_type=\"text-editor.default\">\n\t\t\t\t<div class=\"elementor-widget-container\">\n\t\t\t\t\t\t\t\t\t<p>1. \u0422\u0443\u0440\u0435\u0446\u043a\u0430\u044f \u0445\u0438\u0440\u0443\u0440\u0433\u0438\u0447\u0435\u0441\u043a\u0430\u044f \u0430\u0441\u0441\u043e\u0446\u0438\u0430\u0446\u0438\u044f<br \/>2. \u0422\u0443\u0440\u0435\u0446\u043a\u0430\u044f \u0430\u0441\u0441\u043e\u0446\u0438\u0430\u0446\u0438\u044f \u0433\u0435\u043f\u0430\u0442\u043e\u043f\u0430\u043d\u043a\u0440\u0435\u0430\u0442\u043e\u0431\u0438\u043b\u0438\u0430\u0440\u043d\u043e\u0439 \u0445\u0438\u0440\u0443\u0440\u0433\u0438\u0438<br \/>3. \u0422\u0443\u0440\u0435\u0446\u043a\u0430\u044f \u0430\u0441\u0441\u043e\u0446\u0438\u0430\u0446\u0438\u044f \u043a\u043e\u043b\u043e\u0440\u0435\u043a\u0442\u0430\u043b\u044c\u043d\u043e\u0439 \u0445\u0438\u0440\u0443\u0440\u0433\u0438\u0438<br \/>4. \u0422\u0443\u0440\u0435\u0446\u043a\u0430\u044f \u0430\u0441\u0441\u043e\u0446\u0438\u0430\u0446\u0438\u044f \u043d\u0435\u043e\u0442\u043b\u043e\u0436\u043d\u043e\u0439 \u0445\u0438\u0440\u0443\u0440\u0433\u0438\u0438 \u0438 \u0442\u0440\u0430\u0432\u043c\u0430\u0442\u043e\u043b\u043e\u0433\u0438\u0438<br \/>5. \u0410\u0441\u0441\u043e\u0446\u0438\u0430\u0446\u0438\u044f \u041a\u0415\u041f\u0410\u041d<br \/>6. \u0412\u0441\u0435\u043c\u0438\u0440\u043d\u0430\u044f \u0430\u0441\u0441\u043e\u0446\u0438\u0430\u0446\u0438\u044f \u0433\u0435\u043f\u0430\u0442\u043e\u043f\u0430\u043d\u043a\u0440\u0435\u0430\u0442\u043e\u0431\u0438\u043b\u0438\u0430\u0440\u043d\u043e\u0439 \u0445\u0438\u0440\u0443\u0440\u0433\u0438\u0438 (IHPBA).<br \/>7. \u041c\u0435\u0440\u0441\u0438\u043d\u0441\u043a\u0430\u044f \u0445\u0438\u0440\u0443\u0440\u0433\u0438\u0447\u0435\u0441\u043a\u0430\u044f \u0430\u0441\u0441\u043e\u0446\u0438\u0430\u0446\u0438\u044f<br \/>8. \u0422\u0443\u0440\u0435\u0446\u043a\u0430\u044f \u0430\u0441\u0441\u043e\u0446\u0438\u0430\u0446\u0438\u044f \u043b\u0430\u043f\u0430\u0440\u043e\u044d\u043d\u0434\u043e\u0441\u043a\u043e\u043f\u0438\u0447\u0435\u0441\u043a\u043e\u0439 \u0445\u0438\u0440\u0443\u0440\u0433\u0438\u0438<br \/>9. \u0410\u0441\u0441\u043e\u0446\u0438\u0430\u0446\u0438\u044f \u0445\u0438\u0440\u0443\u0440\u0433\u0438\u0447\u0435\u0441\u043a\u043e\u0439 \u0433\u0430\u0441\u0442\u0440\u043e\u044d\u043d\u0442\u0435\u0440\u043e\u043b\u043e\u0433\u0438\u0438 \u0438 \u044d\u043d\u0434\u043e\u0441\u043a\u043e\u043f\u0438\u0438<\/p><p>\u042f \u044f\u0432\u043b\u044f\u044e\u0441\u044c \u0447\u043b\u0435\u043d\u043e\u043c \u043a\u043e\u043d\u0441\u0443\u043b\u044c\u0442\u0430\u0442\u0438\u0432\u043d\u043e\u0433\u043e \u0441\u043e\u0432\u0435\u0442\u0430 \u043d\u0430\u0443\u0447\u043d\u044b\u0445 \u043f\u0443\u0431\u043b\u0438\u043a\u0430\u0446\u0438\u0439 \u0432 \u0436\u0443\u0440\u043d\u0430\u043b\u0435 T\u00fcrkiye Klinikleri, \u043c\u0435\u0434\u0438\u0446\u0438\u043d\u0441\u043a\u043e\u043c \u0436\u0443\u0440\u043d\u0430\u043b\u0435 Malatya, \u0442\u0443\u0440\u0435\u0446\u043a\u043e\u043c \u0436\u0443\u0440\u043d\u0430\u043b\u0435 HPB \u0438 \u0436\u0443\u0440\u043d\u0430\u043b\u0435 \u0441\u043b\u0435\u0434\u0441\u0442\u0432\u0435\u043d\u043d\u043e\u0439 \u0445\u0438\u0440\u0443\u0440\u0433\u0438\u0438.<\/p>\t\t\t\t\t\t\t\t<\/div>\n\t\t\t\t<\/div>\n\t\t\t\t\t<\/div>\n\t\t<\/div>\n\t\t\t\t<div class=\"elementor-column elementor-col-33 elementor-top-column elementor-element elementor-element-7217bc6\" data-id=\"7217bc6\" data-element_type=\"column\">\n\t\t\t<div class=\"elementor-widget-wrap elementor-element-populated\">\n\t\t\t\t\t\t<div class=\"elementor-element elementor-element-284912c elementor-widget elementor-widget-sidebar\" data-id=\"284912c\" data-element_type=\"widget\" data-widget_type=\"sidebar.default\">\n\t\t\t\t<div class=\"elementor-widget-container\">\n\t\t\t\t\t<section id=\"text-5\" class=\"widget widget_text\"><h5 class=\"widget-title\">\u041f\u043e\u043b\u0443\u0447\u0438\u0442\u044c \u0438\u043d\u0444\u043e\u0440\u043c\u0430\u0446\u0438\u044e<\/h5>\t\t\t<div class=\"textwidget\">\n<div class=\"wpcf7 no-js\" id=\"wpcf7-f32106-o1\" lang=\"en-US\" dir=\"ltr\" data-wpcf7-id=\"32106\">\n<div class=\"screen-reader-response\"><p role=\"status\" aria-live=\"polite\" aria-atomic=\"true\"><\/p> <ul><\/ul><\/div>\n<form action=\"\/ru\/wp-json\/wp\/v2\/pages\/49842#wpcf7-f32106-o1\" method=\"post\" class=\"wpcf7-form init\" aria-label=\"\u0424\u043e\u0440\u043c\u0430 \u043e\u0431\u0440\u0430\u0442\u043d\u043e\u0439 \u0441\u0432\u044f\u0437\u0438\" novalidate=\"novalidate\" data-status=\"init\" data-trp-original-action=\"\/ru\/wp-json\/wp\/v2\/pages\/49842#wpcf7-f32106-o1\">\n<fieldset class=\"hidden-fields-container\"><input type=\"hidden\" name=\"_wpcf7\" value=\"32106\" \/><input type=\"hidden\" name=\"_wpcf7_version\" value=\"6.1.5\" \/><input type=\"hidden\" name=\"_wpcf7_locale\" value=\"en_US\" \/><input type=\"hidden\" name=\"_wpcf7_unit_tag\" value=\"wpcf7-f32106-o1\" \/><input type=\"hidden\" name=\"_wpcf7_container_post\" value=\"0\" \/><input type=\"hidden\" name=\"_wpcf7_posted_data_hash\" value=\"\" \/>\n<\/fieldset>\n<div class=\"book-appointment-contact\">\n\t<div class=\"form-row\">\n\t\t<p><span class=\"wpcf7-form-control-wrap\" data-name=\"isim\"><input size=\"40\" maxlength=\"400\" class=\"wpcf7-form-control wpcf7-text wpcf7-validates-as-required\" aria-required=\"true\" aria-invalid=\"false\" placeholder=\"\u0418\u043c\u044f \u0424\u0430\u043c\u0438\u043b\u0438\u044f\" value=\"\" type=\"text\" name=\"isim\" \/><\/span><span><i class=\"fa fa-user\" aria-hidden=\"true\"><\/i><\/span>\n\t\t<\/p>\n\t<\/div>\n\t<div class=\"form-row\">\n\t\t<p><span class=\"wpcf7-form-control-wrap\" data-name=\"telefon\"><input size=\"40\" maxlength=\"400\" class=\"wpcf7-form-control wpcf7-tel wpcf7-validates-as-required wpcf7-text wpcf7-validates-as-tel\" aria-required=\"true\" aria-invalid=\"false\" placeholder=\"\u0442\u0435\u043b\u0435\u0444\u043e\u043d\" value=\"\" type=\"tel\" name=\"telefon\" \/><\/span><span><i class=\"fa fa-phone\" aria-hidden=\"true\"><\/i><\/span>\n\t\t<\/p>\n\t<\/div>\n\t<div class=\"form-row\">\n\t\t<p><span class=\"wpcf7-form-control-wrap\" data-name=\"eposta\"><input size=\"40\" maxlength=\"400\" class=\"wpcf7-form-control wpcf7-email wpcf7-validates-as-required wpcf7-text wpcf7-validates-as-email\" aria-required=\"true\" aria-invalid=\"false\" placeholder=\"\u042d\u043b\u0435\u043a\u0442\u0440\u043e\u043d\u043d\u0430\u044f \u043f\u043e\u0447\u0442\u0430\" value=\"\" type=\"email\" name=\"eposta\" \/><\/span><span><i class=\"fa fa-envelope-o\" aria-hidden=\"true\"><\/i><\/span>\n\t\t<\/p>\n\t<\/div>\n\t<div class=\"form-row\">\n\t\t<p><span class=\"wpcf7-form-control-wrap\" data-name=\"mesaj\"><textarea cols=\"40\" rows=\"10\" maxlength=\"2000\" class=\"wpcf7-form-control wpcf7-textarea wpcf7-validates-as-required\" aria-required=\"true\" aria-invalid=\"false\" placeholder=\"\u0421\u043e\u043e\u0431\u0449\u0435\u043d\u0438\u0435\" name=\"mesaj\"><\/textarea><\/span><span><\/span>\n\t\t<\/p>\n\t<\/div>\n\t<div class=\"form-row\">\n\t\t<p><span class=\"wpcf7-form-control-wrap\" data-name=\"hcap-cf7\">\t\t<input\n\t\t\t\ttype=\"hidden\"\n\t\t\t\tclass=\"hcaptcha-widget-id\"\n\t\t\t\tname=\"hcaptcha-widget-id\"\n\t\t\t\tvalue=\"eyJzb3VyY2UiOlsiY29udGFjdC1mb3JtLTdcL3dwLWNvbnRhY3QtZm9ybS03LnBocCJdLCJmb3JtX2lkIjozMjEwNn0=-97683bc28fa853fa37cfc617a4369e25\">\n\t\t\t\t<span id=\"hcap_cf7-69e01a5b32c312.97879562\" class=\"wpcf7-form-control h-captcha\"\n\t\t\tdata-sitekey=\"84798d7e-0cf6-4ec3-bb7b-e211c2efeb7b\"\n\t\t\tdata-theme=\"light\"\n\t\t\tdata-size=\"normal\"\n\t\t\tdata-auto=\"false\"\n\t\t\tdata-ajax=\"false\"\n\t\t\tdata-force=\"false\">\n\t\t<\/span>\n\t\t<input type=\"hidden\" id=\"_wpnonce\" name=\"_wpnonce\" value=\"8fd52f496a\" \/><input type=\"hidden\" name=\"_wp_http_referer\" value=\"\/ru\/wp-json\/wp\/v2\/pages\/49842\" \/><\/span><input class=\"wpcf7-form-control wpcf7-submit has-spinner\" type=\"submit\" value=\"\u041e\u0442\u043f\u0440\u0430\u0432\u043b\u044f\u0442\u044c\" \/>\n\t\t<\/p>\n\t<\/div>\n<\/div><div class=\"wpcf7-response-output\" aria-hidden=\"true\"><\/div>\n<input type=\"hidden\" name=\"trp-form-language\" value=\"ru\"\/><\/form>\n<\/div>\n\n<\/div>\n\t\t<\/section><section id=\"nav_menu-2\" class=\"widget widget_nav_menu\"><h5 class=\"widget-title\">\u043b\u0435\u0447\u0435\u043d\u0438\u0435<\/h5><\/section><section id=\"custom_html-2\" class=\"widget_text widget widget_custom_html\"><h5 class=\"widget-title\">\u041d\u0430\u0437\u043d\u0430\u0447\u0435<\/h5><div class=\"textwidget custom-html-widget\"><a id=\"zl-url\" class=\"zl-url\" href=\"https:\/\/www.doktortakvimi.com\/mehmet-caglikulekci\/genel-cerrahi-gastroenteroloji-cerrahisi\/istanbul\" rel=\"nofollow noopener\" data-zlw-doctor=\"mehmet-caglikulekci\" data-zlw-type=\"big_with_calendar\" data-zlw-opinion=\"false\" data-zlw-hide-branding=\"true\" target=\"_blank\">\u041c\u0435\u0445\u043c\u0435\u0442 \u0427\u0430\u0433\u043b\u044b\u043a\u0443\u043b\u0435\u043a\u0447\u0438 - DoktorTakvimi.com<\/a><script>!function($_x,_s,id){var js,fjs=$_x.getElementsByTagName(_s)[0];if(!$_x.getElementById(id)){js = $_x.createElement(_s);js.id = id;js.src = \"\/\/platform.docplanner.com\/js\/widget.js\";fjs.parentNode.insertBefore(js,fjs);}}(document,\"script\",\"zl-widget-s\");<\/script><\/div><\/section>\t\t\t\t<\/div>\n\t\t\t\t<\/div>\n\t\t\t\t\t<\/div>\n\t\t<\/div>\n\t\t\t\t\t<\/div>\n\t\t<\/section>\n\t\t\t\t<\/div>","protected":false},"excerpt":{"rendered":"<p>1. T\u00fcrk Cerrahi Derne\u011fi 2. T\u00fcrk HepatopankreatoBiliyer Cerrahi Derne\u011fi 3. T\u00fcrk Kolorektal Cerrahi Derne\u011fi Derne\u011fi 4. T\u00fcrk Acil Cerrahi ve Travma Derne\u011fi 5. KEPAN Derne\u011fi 6. D\u00fcnya Hepatopankreatobiliyer Cerrahi Derne\u011fi(IHPBA) 7. Mersin Cerrahi Derne\u011fi 8. T\u00fcrk Laparoendoskopik Cerrahi Derne\u011fi 9. Cerrahi Gastroenteroloji ve Endoskopi Derne\u011fi T\u00fcrkiye Klinikleri Dergisi, Malatya T\u0131p Dergisi, T\u00fcrk HPB dergisi ve [&hellip;]<\/p>","protected":false},"author":1,"featured_media":49701,"parent":0,"menu_order":0,"comment_status":"closed","ping_status":"closed","template":"elementor_header_footer","meta":{"_acf_changed":false,"footnotes":""},"class_list":["post-49842","page","type-page","status-publish","has-post-thumbnail","hentry"],"acf":[],"_links":{"self":[{"href":"https:\/\/mehmetcaglikulekci.com\/ru\/wp-json\/wp\/v2\/pages\/49842","targetHints":{"allow":["GET"]}}],"collection":[{"href":"https:\/\/mehmetcaglikulekci.com\/ru\/wp-json\/wp\/v2\/pages"}],"about":[{"href":"https:\/\/mehmetcaglikulekci.com\/ru\/wp-json\/wp\/v2\/types\/page"}],"author":[{"embeddable":true,"href":"https:\/\/mehmetcaglikulekci.com\/ru\/wp-json\/wp\/v2\/users\/1"}],"replies":[{"embeddable":true,"href":"https:\/\/mehmetcaglikulekci.com\/ru\/wp-json\/wp\/v2\/comments?post=49842"}],"version-history":[{"count":0,"href":"https:\/\/mehmetcaglikulekci.com\/ru\/wp-json\/wp\/v2\/pages\/49842\/revisions"}],"wp:featuredmedia":[{"embeddable":true,"href":"https:\/\/mehmetcaglikulekci.com\/ru\/wp-json\/wp\/v2\/media\/49701"}],"wp:attachment":[{"href":"https:\/\/mehmetcaglikulekci.com\/ru\/wp-json\/wp\/v2\/media?parent=49842"}],"curies":[{"name":"wp","href":"https:\/\/api.w.org\/{rel}","templated":true}]}}