{"id":49785,"date":"2023-03-28T14:44:14","date_gmt":"2023-03-28T11:44:14","guid":{"rendered":"https:\/\/mehmetcaglikulekci.com\/?page_id=49785"},"modified":"2025-07-21T13:49:15","modified_gmt":"2025-07-21T10:49:15","slug":"pankreas-ve-safra-yolu-hastaliklari","status":"publish","type":"page","link":"https:\/\/mehmetcaglikulekci.com\/en\/pancreas-and-biliary-tract-diseases\/","title":{"rendered":"Pancreas and Bile Tract Diseases"},"content":{"rendered":"<div data-elementor-type=\"wp-page\" data-elementor-id=\"49785\" class=\"elementor elementor-49785\">\n\t\t\t\t\t\t<section class=\"elementor-section elementor-top-section elementor-element elementor-element-fa43ad9 yazikapsa elementor-section-boxed elementor-section-height-default elementor-section-height-default\" data-id=\"fa43ad9\" data-element_type=\"section\">\n\t\t\t\t\t\t<div class=\"elementor-container elementor-column-gap-default\">\n\t\t\t\t\t<div class=\"elementor-column elementor-col-66 elementor-top-column elementor-element elementor-element-aa1e94e\" data-id=\"aa1e94e\" data-element_type=\"column\">\n\t\t\t<div class=\"elementor-widget-wrap elementor-element-populated\">\n\t\t\t\t\t\t<div class=\"elementor-element elementor-element-e156aeb elementor-widget elementor-widget-text-editor\" data-id=\"e156aeb\" data-element_type=\"widget\" data-widget_type=\"text-editor.default\">\n\t\t\t\t<div class=\"elementor-widget-container\">\n\t\t\t\t\t\t\t\t\t<p><img fetchpriority=\"high\" decoding=\"async\" class=\"alignnone wp-image-50087 size-full\" src=\"https:\/\/mehmetcaglikulekci.com\/wp-content\/uploads\/2023\/03\/pankreas-ve-safra-yolu-hastaliklari-7.jpg\" alt=\"\" width=\"860\" height=\"563\" srcset=\"https:\/\/mehmetcaglikulekci.com\/wp-content\/uploads\/2023\/03\/pankreas-ve-safra-yolu-hastaliklari-7.jpg 860w, https:\/\/mehmetcaglikulekci.com\/wp-content\/uploads\/2023\/03\/pankreas-ve-safra-yolu-hastaliklari-7-367x240.jpg 367w, https:\/\/mehmetcaglikulekci.com\/wp-content\/uploads\/2023\/03\/pankreas-ve-safra-yolu-hastaliklari-7-768x503.jpg 768w\" sizes=\"(max-width: 860px) 100vw, 860px\" \/><\/p><p>Primary diseases of the pancreas can be classified into acute and chronic pancreatitis and pancreatic cancer.<\/p><h2><strong>pancreatitis<\/strong><\/h2><p>Pancreatitis is an inflammation of the pancreas. It occurs when digestive enzymes from the exocrine pancreas become active in the pancreas instead of the duodenum and begin to \u201cdigest\u201d the pancreas. They usually occur with abdominal pain and can cause nausea and vomiting.<\/p><p>Acute pancreatitis occurs as a single or recurring event and usually occurs suddenly. Severe abdominal pain is often present in acute pancreatitis. In fact, the disease can lead to internal bleeding and infection and can be life-threatening. The most common cause of acute pancreatitis is blockage of the pancreatic duct with gallstones. Secretions can accumulate in the pancreas and cause permanent damage within a few hours. In acute pancreatitis, pancreatic enzymes are often elevated in the blood. These enzymes can travel to other organs of the body and cause shock and organ failure. Other causes may include biliary tract disease (obstruction, gallstones, or sludge), excessive alcohol use, physical trauma to the abdominal area, hyperlipidemia, and hypercalcemia.<\/p><p>Chronic pancreatitis is characterized by chronic or persistent abdominal pain and pancreatic enzymes may or may not be elevated. Chronic pancreatitis develops gradually, often causing progressive destruction of the pancreas and can lead to other problems such as pancreatic insufficiency (see below), bacterial infections and type 2 diabetes. The main causes of chronic pancreatitis are gallbladder disease (duct obstruction) and alcoholism. Other causes of chronic pancreatitis include cystic fibrosis, hypercalcemia, hyperlipidemia, certain medications, and autoimmune diseases.<\/p><h3><strong>Pancreatic Cancer<\/strong><\/h3><p>Pancreatic cancer risks include smoking, age, gender (more common in men), chronic pancreatitis, and exposure to some industrial chemicals. Most pancreatic cancers (% 95) are adenocarcinomas that develop in exocrine tissues. It is very difficult to diagnose pancreatic cancer in the early stages because it is asymptomatic or has nonspecific symptoms such as abdominal pain, nausea, loss of appetite and sometimes jaundice. Only about of cancers remain within the pancreas at diagnosis and have not spread.<\/p><h3>Pancreatic Insufficiency<\/h3><p>Pancreatic insufficiency is the loss of the ability of the pancreas to produce and\/or transport sufficient amounts of enzymes necessary to break down nutrients in the intestines and allow them to be absorbed. It typically occurs as a result of progressive pancreatic damage that can be caused by various conditions. It is most often associated with cystic fibrosis in children and chronic pancreatitis in adults. It is less frequently associated with pancreatic cancer.<\/p>\t\t\t\t\t\t\t\t<\/div>\n\t\t\t\t<\/div>\n\t\t\t\t\t<\/div>\n\t\t<\/div>\n\t\t\t\t<div class=\"elementor-column elementor-col-33 elementor-top-column elementor-element elementor-element-7217bc6\" data-id=\"7217bc6\" data-element_type=\"column\">\n\t\t\t<div class=\"elementor-widget-wrap elementor-element-populated\">\n\t\t\t\t\t\t<div class=\"elementor-element elementor-element-284912c elementor-widget elementor-widget-sidebar\" data-id=\"284912c\" data-element_type=\"widget\" data-widget_type=\"sidebar.default\">\n\t\t\t\t<div class=\"elementor-widget-container\">\n\t\t\t\t\t<section id=\"text-5\" class=\"widget widget_text\"><h5 class=\"widget-title\">Get Information<\/h5>\t\t\t<div class=\"textwidget\">\n<div class=\"wpcf7 no-js\" id=\"wpcf7-f32106-o1\" lang=\"en-US\" dir=\"ltr\" data-wpcf7-id=\"32106\">\n<div class=\"screen-reader-response\"><p role=\"status\" aria-live=\"polite\" aria-atomic=\"true\"><\/p> <ul><\/ul><\/div>\n<form action=\"\/en\/wp-json\/wp\/v2\/pages\/49785#wpcf7-f32106-o1\" method=\"post\" class=\"wpcf7-form init\" aria-label=\"contact form\" novalidate=\"novalidate\" data-status=\"init\" data-trp-original-action=\"\/en\/wp-json\/wp\/v2\/pages\/49785#wpcf7-f32106-o1\">\n<fieldset class=\"hidden-fields-container\"><input type=\"hidden\" name=\"_wpcf7\" value=\"32106\" \/><input type=\"hidden\" name=\"_wpcf7_version\" value=\"6.1.5\" \/><input type=\"hidden\" name=\"_wpcf7_locale\" value=\"en_US\" \/><input type=\"hidden\" name=\"_wpcf7_unit_tag\" value=\"wpcf7-f32106-o1\" \/><input type=\"hidden\" name=\"_wpcf7_container_post\" value=\"0\" \/><input type=\"hidden\" name=\"_wpcf7_posted_data_hash\" value=\"\" \/>\n<\/fieldset>\n<div class=\"book-appointment-contact\">\n\t<div class=\"form-row\">\n\t\t<p><span class=\"wpcf7-form-control-wrap\" data-name=\"isim\"><input size=\"40\" maxlength=\"400\" class=\"wpcf7-form-control wpcf7-text wpcf7-validates-as-required\" aria-required=\"true\" aria-invalid=\"false\" placeholder=\"Name surname\" value=\"\" type=\"text\" name=\"isim\" \/><\/span><span><i class=\"fa fa-user\" aria-hidden=\"true\"><\/i><\/span>\n\t\t<\/p>\n\t<\/div>\n\t<div class=\"form-row\">\n\t\t<p><span class=\"wpcf7-form-control-wrap\" data-name=\"telefon\"><input size=\"40\" maxlength=\"400\" class=\"wpcf7-form-control wpcf7-tel wpcf7-validates-as-required wpcf7-text wpcf7-validates-as-tel\" aria-required=\"true\" aria-invalid=\"false\" placeholder=\"Telephone\" value=\"\" type=\"tel\" name=\"telefon\" \/><\/span><span><i class=\"fa fa-phone\" aria-hidden=\"true\"><\/i><\/span>\n\t\t<\/p>\n\t<\/div>\n\t<div class=\"form-row\">\n\t\t<p><span class=\"wpcf7-form-control-wrap\" data-name=\"eposta\"><input size=\"40\" maxlength=\"400\" class=\"wpcf7-form-control wpcf7-email wpcf7-validates-as-required wpcf7-text wpcf7-validates-as-email\" aria-required=\"true\" aria-invalid=\"false\" placeholder=\"E-mail\" value=\"\" type=\"email\" name=\"eposta\" \/><\/span><span><i class=\"fa fa-envelope-o\" aria-hidden=\"true\"><\/i><\/span>\n\t\t<\/p>\n\t<\/div>\n\t<div class=\"form-row\">\n\t\t<p><span class=\"wpcf7-form-control-wrap\" data-name=\"mesaj\"><textarea cols=\"40\" rows=\"10\" maxlength=\"2000\" class=\"wpcf7-form-control wpcf7-textarea wpcf7-validates-as-required\" aria-required=\"true\" aria-invalid=\"false\" placeholder=\"Message\" name=\"mesaj\"><\/textarea><\/span><span><\/span>\n\t\t<\/p>\n\t<\/div>\n\t<div class=\"form-row\">\n\t\t<p><span class=\"wpcf7-form-control-wrap\" data-name=\"hcap-cf7\">\t\t<input\n\t\t\t\ttype=\"hidden\"\n\t\t\t\tclass=\"hcaptcha-widget-id\"\n\t\t\t\tname=\"hcaptcha-widget-id\"\n\t\t\t\tvalue=\"eyJzb3VyY2UiOlsiY29udGFjdC1mb3JtLTdcL3dwLWNvbnRhY3QtZm9ybS03LnBocCJdLCJmb3JtX2lkIjozMjEwNn0=-97683bc28fa853fa37cfc617a4369e25\">\n\t\t\t\t<span id=\"hcap_cf7-6a04f18b1127b6.83095340\" class=\"wpcf7-form-control h-captcha\"\n\t\t\tdata-sitekey=\"84798d7e-0cf6-4ec3-bb7b-e211c2efeb7b\"\n\t\t\tdata-theme=\"light\"\n\t\t\tdata-size=\"normal\"\n\t\t\tdata-auto=\"false\"\n\t\t\tdata-ajax=\"false\"\n\t\t\tdata-force=\"false\">\n\t\t<\/span>\n\t\t<input type=\"hidden\" id=\"_wpnonce\" name=\"_wpnonce\" value=\"be9d22fe57\" \/><input type=\"hidden\" name=\"_wp_http_referer\" value=\"\/en\/wp-json\/wp\/v2\/pages\/49785\" \/><\/span><input class=\"wpcf7-form-control wpcf7-submit has-spinner\" type=\"submit\" value=\"Send\" \/>\n\t\t<\/p>\n\t<\/div>\n<\/div><div class=\"wpcf7-response-output\" aria-hidden=\"true\"><\/div>\n<input type=\"hidden\" name=\"trp-form-language\" value=\"en\"\/><\/form>\n<\/div>\n\n<\/div>\n\t\t<\/section><section id=\"nav_menu-2\" class=\"widget widget_nav_menu\"><h5 class=\"widget-title\">treatments<\/h5><\/section><section id=\"custom_html-2\" class=\"widget_text widget widget_custom_html\"><h5 class=\"widget-title\">Appointment<\/h5><div class=\"textwidget custom-html-widget\"><a id=\"zl-url\" class=\"zl-url\" href=\"https:\/\/www.doktortakvimi.com\/mehmet-caglikulekci\/genel-cerrahi-gastroenteroloji-cerrahisi\/istanbul\" rel=\"nofollow noopener\" data-zlw-doctor=\"mehmet-caglikulekci\" data-zlw-type=\"big_with_calendar\" data-zlw-opinion=\"false\" data-zlw-hide-branding=\"true\" target=\"_blank\">Mehmet \u00c7a\u011fl\u0131k\u00fclek\u00e7i - DoktorTakvimi.com<\/a><script>!function($_x,_s,id){var js,fjs=$_x.getElementsByTagName(_s)[0];if(!$_x.getElementById(id)){js = $_x.createElement(_s);js.id = id;js.src = \"\/\/platform.docplanner.com\/js\/widget.js\";fjs.parentNode.insertBefore(js,fjs);}}(document,\"script\",\"zl-widget-s\");<\/script><\/div><\/section>\t\t\t\t<\/div>\n\t\t\t\t<\/div>\n\t\t\t\t\t<\/div>\n\t\t<\/div>\n\t\t\t\t\t<\/div>\n\t\t<\/section>\n\t\t\t\t<\/div>","protected":false},"excerpt":{"rendered":"<p>Pankreas\u0131n birincil hastal\u0131klar\u0131 akut ve kronik pankreatit ve pankreas kanseri \u015feklinde s\u0131n\u0131fland\u0131r\u0131labilir. Pankreatit Pankreatit bir pankreas iltihab\u0131d\u0131r. Ekzokrin pankreastan gelen sindirici enzimler onikiparmak ba\u011f\u0131rsa\u011f\u0131 yerine pankreas i\u00e7inde aktif hale geldikleri ve pankreas\u0131 \u201csindirmeye\u201d ba\u015flad\u0131klar\u0131 zaman olu\u015fmaktad\u0131r. Genellikle kar\u0131n a\u011fr\u0131s\u0131yla ortaya \u00e7\u0131karlar, bulant\u0131 ve kusmaya neden olabilirler. Akut pankreatit tek bir veya tekrarlayan olgular \u015feklindedir ve [&hellip;]<\/p>","protected":false},"author":1,"featured_media":49701,"parent":0,"menu_order":0,"comment_status":"closed","ping_status":"closed","template":"elementor_header_footer","meta":{"_acf_changed":false,"footnotes":""},"class_list":["post-49785","page","type-page","status-publish","has-post-thumbnail","hentry"],"acf":[],"_links":{"self":[{"href":"https:\/\/mehmetcaglikulekci.com\/en\/wp-json\/wp\/v2\/pages\/49785","targetHints":{"allow":["GET"]}}],"collection":[{"href":"https:\/\/mehmetcaglikulekci.com\/en\/wp-json\/wp\/v2\/pages"}],"about":[{"href":"https:\/\/mehmetcaglikulekci.com\/en\/wp-json\/wp\/v2\/types\/page"}],"author":[{"embeddable":true,"href":"https:\/\/mehmetcaglikulekci.com\/en\/wp-json\/wp\/v2\/users\/1"}],"replies":[{"embeddable":true,"href":"https:\/\/mehmetcaglikulekci.com\/en\/wp-json\/wp\/v2\/comments?post=49785"}],"version-history":[{"count":0,"href":"https:\/\/mehmetcaglikulekci.com\/en\/wp-json\/wp\/v2\/pages\/49785\/revisions"}],"wp:featuredmedia":[{"embeddable":true,"href":"https:\/\/mehmetcaglikulekci.com\/en\/wp-json\/wp\/v2\/media\/49701"}],"wp:attachment":[{"href":"https:\/\/mehmetcaglikulekci.com\/en\/wp-json\/wp\/v2\/media?parent=49785"}],"curies":[{"name":"wp","href":"https:\/\/api.w.org\/{rel}","templated":true}]}}