{"id":49775,"date":"2023-03-28T14:37:39","date_gmt":"2023-03-28T11:37:39","guid":{"rendered":"https:\/\/mehmetcaglikulekci.com\/?page_id=49775"},"modified":"2025-07-21T13:45:21","modified_gmt":"2025-07-21T10:45:21","slug":"ince-barsak-hastaliklari","status":"publish","type":"page","link":"https:\/\/mehmetcaglikulekci.com\/en\/small-intestine-diseases\/","title":{"rendered":"Small Intestine Diseases"},"content":{"rendered":"<div data-elementor-type=\"wp-page\" data-elementor-id=\"49775\" class=\"elementor elementor-49775\">\n\t\t\t\t\t\t<section class=\"elementor-section elementor-top-section elementor-element elementor-element-fa43ad9 yazikapsa elementor-section-boxed elementor-section-height-default elementor-section-height-default\" data-id=\"fa43ad9\" data-element_type=\"section\">\n\t\t\t\t\t\t<div class=\"elementor-container elementor-column-gap-default\">\n\t\t\t\t\t<div class=\"elementor-column elementor-col-66 elementor-top-column elementor-element elementor-element-aa1e94e\" data-id=\"aa1e94e\" data-element_type=\"column\">\n\t\t\t<div class=\"elementor-widget-wrap elementor-element-populated\">\n\t\t\t\t\t\t<div class=\"elementor-element elementor-element-e156aeb elementor-widget elementor-widget-text-editor\" data-id=\"e156aeb\" data-element_type=\"widget\" data-widget_type=\"text-editor.default\">\n\t\t\t\t<div class=\"elementor-widget-container\">\n\t\t\t\t\t\t\t\t\t<p><img fetchpriority=\"high\" decoding=\"async\" class=\"alignnone wp-image-50085 size-full\" src=\"https:\/\/mehmetcaglikulekci.com\/wp-content\/uploads\/2023\/03\/ince-bagirsak-tedavisi-9.jpg\" alt=\"\" width=\"860\" height=\"563\" srcset=\"https:\/\/mehmetcaglikulekci.com\/wp-content\/uploads\/2023\/03\/ince-bagirsak-tedavisi-9.jpg 860w, https:\/\/mehmetcaglikulekci.com\/wp-content\/uploads\/2023\/03\/ince-bagirsak-tedavisi-9-367x240.jpg 367w, https:\/\/mehmetcaglikulekci.com\/wp-content\/uploads\/2023\/03\/ince-bagirsak-tedavisi-9-768x503.jpg 768w\" sizes=\"(max-width: 860px) 100vw, 860px\" \/><\/p><h2><strong>Small Intestinal Obstruction (Intestinal Knot)<\/strong><\/h2><p>The most common disease in the small intestine is obstruction. The cause of obstruction is almost always adhesions between the intestines or hernias in the abdominal wall after a previous abdominal surgery.<\/p><p>Although the prevention of adhesions that develop after abdominal surgeries is a very important research area of surgery, no definitive success has yet been achieved in this regard.<\/p><p>Laparoscopic (closed) surgeries generally cause less adhesion than open surgeries, but it is not possible to definitively prevent intestinal obstruction due to adhesion.<br \/>Intestinal sections can also enter abdominal wall hernias and get stuck there, causing obstruction.<\/p><p>Patients have widespread abdominal pain, restlessness, nausea and vomiting. Even if they defecate several times, patients are unable to pass gas and their abdomen is swollen.<\/p><p>We quickly start giving fluids intravenously and begin examinations to find the cause of the obstruction. If there is a strangulated hernia, it requires urgent surgery. If we are considering surgery-related adhesion, we do not rush for surgery. If necessary, we insert a tube into the nose of the patients and monitor them. We provide nutrition intravenously. The majority of these patients begin to pass gas within 24 \u2013 48 hours. Thus, there is no need for a new surgery. However, if worsening is detected during follow-up, urgent intervention is required.<\/p><h3><strong>Crohn&#039;s Disease<\/strong><\/h3><p>It is a disease from the inflammatory bowel diseases group. In fact, although it may affect the entire digestive system from the mouth to the anus, it is most commonly seen in the last part of the small intestine. It progresses with thickening and inflammation in the intestine. The exact cause is unknown. Many different factors are to blame. It probably occurs due to the combination of more than one reason. Patients may have symptoms similar to intestinal obstruction, or it may behave like appendicitis.<\/p><p>Since surgery is not the definitive solution for this disease, which needs to be monitored and treated with joint efforts of branches such as gastroenterology, surgery and radiology, we avoid surgery as much as possible and, when necessary, remove the relevant section of the intestine. Unfortunately, although rare, sometimes procedures such as tying the intestine to the abdominal wall may be required.<\/p>\t\t\t\t\t\t\t\t<\/div>\n\t\t\t\t<\/div>\n\t\t\t\t\t<\/div>\n\t\t<\/div>\n\t\t\t\t<div class=\"elementor-column elementor-col-33 elementor-top-column elementor-element elementor-element-7217bc6\" data-id=\"7217bc6\" data-element_type=\"column\">\n\t\t\t<div class=\"elementor-widget-wrap elementor-element-populated\">\n\t\t\t\t\t\t<div class=\"elementor-element elementor-element-284912c elementor-widget elementor-widget-sidebar\" data-id=\"284912c\" data-element_type=\"widget\" data-widget_type=\"sidebar.default\">\n\t\t\t\t<div class=\"elementor-widget-container\">\n\t\t\t\t\t<section id=\"text-5\" class=\"widget widget_text\"><h5 class=\"widget-title\">Get Information<\/h5>\t\t\t<div class=\"textwidget\">\n<div class=\"wpcf7 no-js\" id=\"wpcf7-f32106-o1\" lang=\"en-US\" dir=\"ltr\" data-wpcf7-id=\"32106\">\n<div class=\"screen-reader-response\"><p role=\"status\" aria-live=\"polite\" aria-atomic=\"true\"><\/p> <ul><\/ul><\/div>\n<form action=\"\/en\/wp-json\/wp\/v2\/pages\/49775#wpcf7-f32106-o1\" method=\"post\" class=\"wpcf7-form init\" aria-label=\"contact form\" novalidate=\"novalidate\" data-status=\"init\" data-trp-original-action=\"\/en\/wp-json\/wp\/v2\/pages\/49775#wpcf7-f32106-o1\">\n<fieldset class=\"hidden-fields-container\"><input type=\"hidden\" name=\"_wpcf7\" value=\"32106\" \/><input type=\"hidden\" name=\"_wpcf7_version\" value=\"6.1.5\" \/><input type=\"hidden\" name=\"_wpcf7_locale\" value=\"en_US\" \/><input type=\"hidden\" name=\"_wpcf7_unit_tag\" value=\"wpcf7-f32106-o1\" \/><input type=\"hidden\" name=\"_wpcf7_container_post\" value=\"0\" \/><input type=\"hidden\" name=\"_wpcf7_posted_data_hash\" value=\"\" \/>\n<\/fieldset>\n<div class=\"book-appointment-contact\">\n\t<div class=\"form-row\">\n\t\t<p><span class=\"wpcf7-form-control-wrap\" data-name=\"isim\"><input size=\"40\" maxlength=\"400\" class=\"wpcf7-form-control wpcf7-text wpcf7-validates-as-required\" aria-required=\"true\" aria-invalid=\"false\" placeholder=\"Name surname\" value=\"\" type=\"text\" name=\"isim\" \/><\/span><span><i class=\"fa fa-user\" aria-hidden=\"true\"><\/i><\/span>\n\t\t<\/p>\n\t<\/div>\n\t<div class=\"form-row\">\n\t\t<p><span class=\"wpcf7-form-control-wrap\" data-name=\"telefon\"><input size=\"40\" maxlength=\"400\" class=\"wpcf7-form-control wpcf7-tel wpcf7-validates-as-required wpcf7-text wpcf7-validates-as-tel\" aria-required=\"true\" aria-invalid=\"false\" placeholder=\"Telephone\" value=\"\" type=\"tel\" name=\"telefon\" \/><\/span><span><i class=\"fa fa-phone\" aria-hidden=\"true\"><\/i><\/span>\n\t\t<\/p>\n\t<\/div>\n\t<div class=\"form-row\">\n\t\t<p><span class=\"wpcf7-form-control-wrap\" data-name=\"eposta\"><input size=\"40\" maxlength=\"400\" class=\"wpcf7-form-control wpcf7-email wpcf7-validates-as-required wpcf7-text wpcf7-validates-as-email\" aria-required=\"true\" aria-invalid=\"false\" placeholder=\"E-mail\" value=\"\" type=\"email\" name=\"eposta\" \/><\/span><span><i class=\"fa fa-envelope-o\" aria-hidden=\"true\"><\/i><\/span>\n\t\t<\/p>\n\t<\/div>\n\t<div class=\"form-row\">\n\t\t<p><span class=\"wpcf7-form-control-wrap\" data-name=\"mesaj\"><textarea cols=\"40\" rows=\"10\" maxlength=\"2000\" class=\"wpcf7-form-control wpcf7-textarea wpcf7-validates-as-required\" aria-required=\"true\" aria-invalid=\"false\" placeholder=\"Message\" name=\"mesaj\"><\/textarea><\/span><span><\/span>\n\t\t<\/p>\n\t<\/div>\n\t<div class=\"form-row\">\n\t\t<p><span class=\"wpcf7-form-control-wrap\" data-name=\"hcap-cf7\">\t\t<input\n\t\t\t\ttype=\"hidden\"\n\t\t\t\tclass=\"hcaptcha-widget-id\"\n\t\t\t\tname=\"hcaptcha-widget-id\"\n\t\t\t\tvalue=\"eyJzb3VyY2UiOlsiY29udGFjdC1mb3JtLTdcL3dwLWNvbnRhY3QtZm9ybS03LnBocCJdLCJmb3JtX2lkIjozMjEwNn0=-97683bc28fa853fa37cfc617a4369e25\">\n\t\t\t\t<span id=\"hcap_cf7-69e0ed98a53667.63499332\" class=\"wpcf7-form-control h-captcha\"\n\t\t\tdata-sitekey=\"84798d7e-0cf6-4ec3-bb7b-e211c2efeb7b\"\n\t\t\tdata-theme=\"light\"\n\t\t\tdata-size=\"normal\"\n\t\t\tdata-auto=\"false\"\n\t\t\tdata-ajax=\"false\"\n\t\t\tdata-force=\"false\">\n\t\t<\/span>\n\t\t<input type=\"hidden\" id=\"_wpnonce\" name=\"_wpnonce\" value=\"6c679198bd\" \/><input type=\"hidden\" name=\"_wp_http_referer\" value=\"\/en\/wp-json\/wp\/v2\/pages\/49775\" \/><\/span><input class=\"wpcf7-form-control wpcf7-submit has-spinner\" type=\"submit\" value=\"Send\" \/>\n\t\t<\/p>\n\t<\/div>\n<\/div><div class=\"wpcf7-response-output\" aria-hidden=\"true\"><\/div>\n<input type=\"hidden\" name=\"trp-form-language\" value=\"en\"\/><\/form>\n<\/div>\n\n<\/div>\n\t\t<\/section><section id=\"nav_menu-2\" class=\"widget widget_nav_menu\"><h5 class=\"widget-title\">treatments<\/h5><\/section><section id=\"custom_html-2\" class=\"widget_text widget widget_custom_html\"><h5 class=\"widget-title\">Appointment<\/h5><div class=\"textwidget custom-html-widget\"><a id=\"zl-url\" class=\"zl-url\" href=\"https:\/\/www.doktortakvimi.com\/mehmet-caglikulekci\/genel-cerrahi-gastroenteroloji-cerrahisi\/istanbul\" rel=\"nofollow noopener\" data-zlw-doctor=\"mehmet-caglikulekci\" data-zlw-type=\"big_with_calendar\" data-zlw-opinion=\"false\" data-zlw-hide-branding=\"true\" target=\"_blank\">Mehmet \u00c7a\u011fl\u0131k\u00fclek\u00e7i - DoktorTakvimi.com<\/a><script>!function($_x,_s,id){var js,fjs=$_x.getElementsByTagName(_s)[0];if(!$_x.getElementById(id)){js = $_x.createElement(_s);js.id = id;js.src = \"\/\/platform.docplanner.com\/js\/widget.js\";fjs.parentNode.insertBefore(js,fjs);}}(document,\"script\",\"zl-widget-s\");<\/script><\/div><\/section>\t\t\t\t<\/div>\n\t\t\t\t<\/div>\n\t\t\t\t\t<\/div>\n\t\t<\/div>\n\t\t\t\t\t<\/div>\n\t\t<\/section>\n\t\t\t\t<\/div>","protected":false},"excerpt":{"rendered":"<p>Small Intestinal Obstruction (Intestinal Knotting) The most common disease in the small intestine is obstruction. The cause of obstruction is almost always adhesions between the intestines or hernias in the abdominal wall after a previous abdominal surgery. Although the prevention of adhesions that develop after abdominal surgeries is a very important research area of surgery, no definitive success has yet been achieved in this regard. Laparoscopic (closed) surgeries are generally different from open surgeries [\u2026]<\/p>","protected":false},"author":1,"featured_media":49701,"parent":0,"menu_order":0,"comment_status":"closed","ping_status":"closed","template":"elementor_header_footer","meta":{"_acf_changed":false,"footnotes":""},"class_list":["post-49775","page","type-page","status-publish","has-post-thumbnail","hentry"],"acf":[],"_links":{"self":[{"href":"https:\/\/mehmetcaglikulekci.com\/en\/wp-json\/wp\/v2\/pages\/49775","targetHints":{"allow":["GET"]}}],"collection":[{"href":"https:\/\/mehmetcaglikulekci.com\/en\/wp-json\/wp\/v2\/pages"}],"about":[{"href":"https:\/\/mehmetcaglikulekci.com\/en\/wp-json\/wp\/v2\/types\/page"}],"author":[{"embeddable":true,"href":"https:\/\/mehmetcaglikulekci.com\/en\/wp-json\/wp\/v2\/users\/1"}],"replies":[{"embeddable":true,"href":"https:\/\/mehmetcaglikulekci.com\/en\/wp-json\/wp\/v2\/comments?post=49775"}],"version-history":[{"count":0,"href":"https:\/\/mehmetcaglikulekci.com\/en\/wp-json\/wp\/v2\/pages\/49775\/revisions"}],"wp:featuredmedia":[{"embeddable":true,"href":"https:\/\/mehmetcaglikulekci.com\/en\/wp-json\/wp\/v2\/media\/49701"}],"wp:attachment":[{"href":"https:\/\/mehmetcaglikulekci.com\/en\/wp-json\/wp\/v2\/media?parent=49775"}],"curies":[{"name":"wp","href":"https:\/\/api.w.org\/{rel}","templated":true}]}}