{"id":49852,"date":"2023-03-28T15:48:16","date_gmt":"2023-03-28T12:48:16","guid":{"rendered":"https:\/\/mehmetcaglikulekci.com\/?page_id=49852"},"modified":"2025-07-21T13:43:30","modified_gmt":"2025-07-21T10:43:30","slug":"bilimsel-calisma-ve-yayinlar","status":"publish","type":"page","link":"https:\/\/mehmetcaglikulekci.com\/ar\/%d8%a7%d9%84%d8%af%d8%b1%d8%a7%d8%b3%d8%a7%d8%aa-%d9%88%d8%a7%d9%84%d9%85%d9%86%d8%b4%d9%88%d8%b1%d8%a7%d8%aa-%d8%a7%d9%84%d8%b9%d9%84%d9%85%d9%8a%d8%a9\/","title":{"rendered":"\u0627\u0644\u062f\u0631\u0627\u0633\u0627\u062a \u0648\u0627\u0644\u0645\u0646\u0634\u0648\u0631\u0627\u062a \u0627\u0644\u0639\u0644\u0645\u064a\u0629"},"content":{"rendered":"<div data-elementor-type=\"wp-page\" data-elementor-id=\"49852\" class=\"elementor elementor-49852\">\n\t\t\t\t\t\t<section class=\"elementor-section elementor-top-section elementor-element elementor-element-fa43ad9 yazikapsa elementor-section-boxed elementor-section-height-default elementor-section-height-default\" data-id=\"fa43ad9\" data-element_type=\"section\">\n\t\t\t\t\t\t<div class=\"elementor-container elementor-column-gap-default\">\n\t\t\t\t\t<div class=\"elementor-column elementor-col-66 elementor-top-column elementor-element elementor-element-aa1e94e\" data-id=\"aa1e94e\" data-element_type=\"column\">\n\t\t\t<div class=\"elementor-widget-wrap elementor-element-populated\">\n\t\t\t\t\t\t<div class=\"elementor-element elementor-element-e156aeb elementor-widget elementor-widget-text-editor\" data-id=\"e156aeb\" data-element_type=\"widget\" data-widget_type=\"text-editor.default\">\n\t\t\t\t<div class=\"elementor-widget-container\">\n\t\t\t\t\t\t\t\t\t<h2>\u062a\u062d\u0631\u064a\u0631 \u0627\u0644\u0643\u062a\u0628 \u0627\u0644\u0645\u062a\u0631\u062c\u0645\u0629<\/h2><p>\u06231. \u062f\u0648\u0647\u0631\u062a\u064a \u062c\u0646\u0631\u0627\u0644 \u0645\u0648\u062a\u0648\u0631\u0632\u060c \u0645\u064a\u0643\u0648 \u062c\u064a \u0628\u064a\u060c \u0623\u0648\u0644\u0633\u0648\u0646 \u062c\u0627\u060c \u0628\u064a\u0628\u0644\u064a\u0646\u0633\u0643\u064a \u063a\u0631\u060c \u0648\u0648\u0631\u0627\u0644 \u0625\u0646 \u0643\u064a\u0647. \u062f\u0644\u064a\u0644 \u0648\u0627\u0634\u0646\u0637\u0646 \u0644\u0644\u062c\u0631\u0627\u062d\u0629\u060c \u0627\u0644\u0637\u0628\u0639\u0629 \u0627\u0644\u062b\u0627\u0646\u064a\u0629\u060c 1999\u060c \u0644\u064a\u0628\u064a\u0646\u0643\u0648\u062a \u0648\u064a\u0644\u064a\u0627\u0645\u0632 \u0648\u0648\u064a\u0644\u0643\u064a\u0646\u0632\u060c \u0641\u064a\u0644\u0627\u062f\u0644\u0641\u064a\u0627\u060c \u0627\u0644\u0648\u0644\u0627\u064a\u0627\u062a \u0627\u0644\u0645\u062a\u062d\u062f\u0629 \u0627\u0644\u0623\u0645\u0631\u064a\u0643\u064a\u0629. (Ayd\u0131n S\u060c \u00e7a\u011fl\u0131k\u00fclek\u00e7i M\u060c \u00e7olak T\u060c Dirlik M\u060c \u00d6cal K\u060c Ak\u00e7a T (eds). \u062f\u0644\u064a\u0644 \u062c\u0631\u0627\u062d\u0629 \u0648\u0627\u0634\u0646\u0637\u0646\u060c \u0645\u0643\u062a\u0628\u0629 \u0646\u0648\u0628\u0644 \u0644\u0644\u0637\u0628-\u0623\u0636\u0646\u0629\u060c 2002.)<br \/>\u06232. \u062f\u0644\u064a\u0644 \u0632\u0631\u0627\u0639\u0629 \u0627\u0644\u0643\u0628\u062f. \u0645\u0646\u0634\u0648\u0631\u0627\u062a \u062c\u0627\u0645\u0639\u0629 \u064a\u062f\u064a\u062a\u064a\u0628 \/ 2009 \u00e7a\u011fl\u0131k\u00fclek\u00e7i M\u060c Yersiz H.<\/p><h2><strong>\u0641\u0635\u0648\u0644 \u0641\u064a \u0627\u0644\u0643\u062a\u0628 \u0627\u0644\u0645\u062a\u0631\u062c\u0645\u0629<\/strong><\/h2><p>\u06233. \u062a\u0634\u0627\u063a\u0644\u064a\u0643\u0648\u0644\u0643\u062a\u0634\u064a \u0645\u060c \u0627\u0644\u0641\u0635\u0644 15. \u0627\u0644\u0645\u0644\u062d\u0642 \u0648\u0623\u0645\u0631\u0627\u0636\u0647. \u062f\u0644\u064a\u0644 \u0648\u0627\u0634\u0646\u0637\u0646 \u0644\u0644\u062c\u0631\u0627\u062d\u0629. 228-235\u060c \u0645\u0643\u062a\u0628\u0629 \u0646\u0648\u0628\u0644 \u0627\u0644\u0637\u0628\u064a\u0629-\u0623\u0636\u0646\u0629\u060c 2002<br \/>A4. \u062a\u0634\u0627\u063a\u0644\u064a\u0643\u0648\u0644\u0643\u062c\u064a \u0645\u060c \u0627\u0644\u0641\u0635\u0644 16. \u0627\u0644\u0642\u0648\u0644\u0648\u0646 \u0648\u0627\u0644\u0645\u0633\u062a\u0642\u064a\u0645 \u0648\u0627\u0644\u0634\u0631\u062c. \u062f\u0644\u064a\u0644 \u0648\u0627\u0634\u0646\u0637\u0646 \u0644\u0644\u062c\u0631\u0627\u062d\u0629. 236-258\u060c \u0645\u0643\u062a\u0628\u0629 \u0646\u0648\u0628\u0644 \u0627\u0644\u0637\u0628\u064a\u0629-\u0623\u0636\u0646\u0629\u060c 2002<br \/>\u06235. \u062a\u0634\u0627\u063a\u0644\u064a\u0643\u0648\u0644\u0643\u062a\u0634\u064a \u0645\u060c \u0627\u0644\u0641\u0635\u0644 17. \u0627\u0644\u0628\u0646\u0643\u0631\u064a\u0627\u0633. \u062f\u0644\u064a\u0644 \u0648\u0627\u0634\u0646\u0637\u0646 \u0644\u0644\u062c\u0631\u0627\u062d\u0629. 259-272\u060c \u0645\u0643\u062a\u0628\u0629 \u0646\u0648\u0628\u0644 \u0627\u0644\u0637\u0628\u064a\u0629-\u0623\u0636\u0646\u0629\u060c 2002<br \/>\u06236. \u062a\u0634\u0627\u063a\u0644\u064a\u0643\u0648\u0644\u0643\u062c\u064a \u0645\u060c \u0627\u0644\u0641\u0635\u0644 18. \u0623\u0645\u0631\u0627\u0636 \u0627\u0644\u0643\u0628\u062f \u0648\u0627\u0644\u0642\u0646\u0627\u0629 \u0627\u0644\u0635\u0641\u0631\u0627\u0648\u064a\u0629. \u062f\u0644\u064a\u0644 \u0648\u0627\u0634\u0646\u0637\u0646 \u0644\u0644\u062c\u0631\u0627\u062d\u0629. 273-296\u060c \u0645\u0643\u062a\u0628\u0629 \u0646\u0648\u0628\u0644 \u0627\u0644\u0637\u0628\u064a\u0629-\u0623\u0636\u0646\u0629\u060c 2002<br \/>\u06237. \u062a\u0634\u0627\u063a\u0644\u064a\u0643\u0648\u0644\u0643\u062a\u0634\u064a \u0645\u060c \u0627\u0644\u0641\u0635\u0644 19. \u0627\u0644\u0637\u062d\u0627\u0644. \u062f\u0644\u064a\u0644 \u0648\u0627\u0634\u0646\u0637\u0646 \u0644\u0644\u062c\u0631\u0627\u062d\u0629. 297-304\u060c \u0645\u0643\u062a\u0628\u0629 \u0646\u0648\u0628\u0644 \u0627\u0644\u0637\u0628\u064a\u0629-\u0623\u0636\u0646\u0629\u060c 2002<br \/>\u06238. \u062a\u0634\u0627\u063a\u0644\u064a\u0643\u0648\u0644\u0643\u062a\u0634\u064a \u0645\u060c \u0627\u0644\u0641\u0635\u0644 20. \u0627\u0644\u062c\u0631\u0627\u062d\u0629 \u0628\u0627\u0644\u0645\u0646\u0638\u0627\u0631. \u062f\u0644\u064a\u0644 \u0648\u0627\u0634\u0646\u0637\u0646 \u0644\u0644\u062c\u0631\u0627\u062d\u0629. 305-312\u060c \u0645\u0643\u062a\u0628\u0629 \u0646\u0648\u0628\u0644 \u0627\u0644\u0637\u0628\u064a\u0629-\u0623\u0636\u0646\u0629\u060c 2002<br \/>\u06239. \u062a\u0634\u0627\u063a\u0644\u064a\u0643\u0648\u0644\u0643\u062a\u0634\u064a \u0645\u060c \u0627\u0644\u0641\u0635\u0644 21. \u0645\u0634\u0627\u0643\u0644 \u062e\u0627\u0635\u0629 \u0641\u064a \u0623\u0645\u0631\u0627\u0636 \u0627\u0644\u062c\u0647\u0627\u0632 \u0627\u0644\u0647\u0636\u0645\u064a. \u062f\u0644\u064a\u0644 \u0648\u0627\u0634\u0646\u0637\u0646 \u0644\u0644\u062c\u0631\u0627\u062d\u0629. 313-322\u060c \u0645\u0643\u062a\u0628\u0629 \u0646\u0648\u0628\u0644 \u0627\u0644\u0637\u0628\u064a\u0629-\u0623\u0636\u0646\u0629\u060c 2002<br \/>\u062310. \u062a\u0634\u0627\u063a\u0644\u064a\u0643\u0648\u0644\u0643\u062a\u0634\u064a \u0645\u060c \u0627\u0644\u0641\u0635\u0644 42 \u062c\u0631\u062d \u0627\u0644\u0639\u062c\u0627\u0646 \u063a\u064a\u0631 \u0642\u0627\u0628\u0644 \u0644\u0644\u0634\u0641\u0627\u0621. \u0627\u0644\u0639\u0644\u0627\u062c \u0627\u0644\u062d\u0627\u0644\u064a \u0641\u064a \u062c\u0631\u0627\u062d\u0629 \u0627\u0644\u0642\u0648\u0644\u0648\u0646 \u0648\u0627\u0644\u0645\u0633\u062a\u0642\u064a\u0645. 253-256. \u0627\u0633\u0637\u0646\u0628\u0648\u0644 \u2013 2006.<br \/>\u062311. \u00e7a\u011fl\u0131k\u00fclek\u00e7i M\u060c Dirlik M. \u0627\u0644\u0641\u0635\u0644 99 \u0625\u0635\u0644\u0627\u062d \u0627\u0644\u0642\u0646\u0627\u0629 \u0627\u0644\u0635\u0641\u0631\u0627\u0648\u064a\u0629. \u0627\u0644\u0645\u0628\u0627\u062f\u0626 \u0648\u0627\u0644\u062a\u0642\u0646\u064a\u0627\u062a \u0627\u0644\u062c\u0631\u0627\u062d\u064a\u0629. \u0625\u062a\u0642\u0627\u0646 \u0627\u0644\u062c\u0631\u0627\u062d\u0629 (\u062a\u0631\u062c\u0645\u0629). \u0627\u0644\u0637\u0628\u0639\u0629 \u0627\u0644\u062e\u0627\u0645\u0633\u0629. 1129-1142. \u0627\u0633\u0637\u0646\u0628\u0648\u0644<br \/>\u062312. \u00e7a\u011fl\u0131k\u00fclek\u00e7i M\u060c \u0627\u0644\u0641\u0635\u0644 94 \u0643\u064a\u0633\u0627\u062a \u0627\u0644\u0645\u0634\u0648\u0643\u0627\u062a \u0625\u062a\u0642\u0627\u0646 \u0627\u0644\u062c\u0631\u0627\u062d\u0629 (\u062a\u0631\u062c\u0645\u0629) \u0627\u0644\u0637\u0628\u0639\u0629 \u0627\u0644\u062e\u0627\u0645\u0633\u0629. 1069-1075. \u0627\u0633\u0637\u0646\u0628\u0648\u0644.<br \/>\u062313. \u062a\u0634\u0627\u063a\u0644\u064a\u0643\u0648\u0644\u0643\u062a\u0634\u064a \u0625\u0645\u060c \u062a\u0648\u0631\u0643\u0645\u064a\u0646 \u0623\u0648\u063a\u0644\u0648 \u0623\u0648. \u0627\u0644\u0641\u0635\u0644 91 \u0625\u062a\u0642\u0627\u0646 \u062c\u0631\u0627\u062d\u0629 \u0641\u063a\u0631 \u0627\u0644\u0645\u062b\u0627\u0646\u0629 \u0648\u0627\u0644\u0623\u0645\u0639\u0627\u0621 \u0627\u0644\u0628\u0646\u0643\u0631\u064a\u0627\u0633 (\u062a\u0631\u062c\u0645\u0629). \u0627\u0644\u0637\u0628\u0639\u0629 \u0627\u0644\u062e\u0627\u0645\u0633\u0629. 1277-1289. \u0627\u0633\u0637\u0646\u0628\u0648\u0644.<br \/>\u062314. \u00e7a\u011fl\u0131k\u00fclek\u00e7i M\u060c \u0641\u0627\u064a\u0642 \u064a\u0627\u064a\u0644\u0627\u0643 \u0627\u0644\u0641\u0635\u0644 12 \u0627\u0644\u062a\u0635\u0648\u064a\u0631 \u0628\u0627\u0644\u0645\u0648\u062c\u0627\u062a \u0641\u0648\u0642 \u0627\u0644\u0635\u0648\u062a\u064a\u0629 \u0644\u0644\u062c\u0631\u0627\u062d\u064a\u0646. \u0625\u062a\u0642\u0627\u0646 \u0627\u0644\u062c\u0631\u0627\u062d\u0629 (\u062a\u0631\u062c\u0645\u0629). \u0627\u0644\u0637\u0628\u0639\u0629 \u0627\u0644\u062e\u0627\u0645\u0633\u0629. 166-179. \u0627\u0633\u0637\u0646\u0628\u0648\u0644<br \/>\u062315. \u00e7a\u011fl\u0131k\u00fclek\u00e7i M\u060c Yersiz H\u060c \u0627\u0644\u0641\u0635\u0644 27 \u0645\u0624\u0634\u0631\u0627\u062a \/ \u0623\u0646\u0638\u0645\u0629 \u062a\u0633\u062c\u064a\u0644 \u0623\u0643\u062a\u0648\u0628\u0631\u060c \u062f\u0644\u064a\u0644 \u0632\u0631\u0627\u0639\u0629 \u0627\u0644\u0643\u0628\u062f. \u0645\u0646\u0634\u0648\u0631\u0627\u062a \u062c\u0627\u0645\u0639\u0629 \u064a\u062f\u064a\u062a\u064a\u0628\u064a.<br \/>\u062316. \u00e7a\u011fl\u0131k\u00fclek\u00e7i M\u060c Yersiz H\u060c \u0627\u0644\u0641\u0635\u0644 28 \u0645\u0624\u0634\u0631\u0627\u062a \/ \u0623\u0646\u0638\u0645\u0629 \u0627\u0644\u0642\u0627\u0626\u0645\u0629 OCT\u060c \u062f\u0644\u064a\u0644 \u0632\u0631\u0627\u0639\u0629 \u0627\u0644\u0643\u0628\u062f. \u0645\u0646\u0634\u0648\u0631\u0627\u062a \u062c\u0627\u0645\u0639\u0629 \u064a\u062f\u064a\u062a\u064a\u0628\u064a.<br \/>\u062317. Yersiz H\u060c \u00e7a\u011fl\u0131k\u00fclek\u00e7i M\u060c \u0627\u0644\u0641\u0635\u0644 29 \u062f\u0644\u064a\u0644 \u0632\u0631\u0627\u0639\u0629 \u0627\u0644\u0643\u0628\u062f \u0644\u062c\u0631\u0627\u062d\u0629 \u0627\u0644\u0645\u062a\u0628\u0631\u0639\u064a\u0646. \u0645\u0646\u0634\u0648\u0631\u0627\u062a \u062c\u0627\u0645\u0639\u0629 \u064a\u062f\u064a\u062a\u064a\u0628\u064a.<br \/>\u062318. Yersiz H\u060c CHA\u011fl\u0131k\u00fclek\u00e7i M\u060c \u0627\u0644\u0641\u0635\u0644 30. \u062c\u0631\u0627\u062d\u0629 \u0627\u0644\u0645\u062a\u0644\u0642\u064a\u060c \u062f\u0644\u064a\u0644 \u0632\u0631\u0627\u0639\u0629 \u0627\u0644\u0643\u0628\u062f. 2009\u060c \u0645\u0646\u0634\u0648\u0631\u0627\u062a \u062c\u0627\u0645\u0639\u0629 \u064a\u062f\u064a\u062a\u064a\u0628\u064a.<br \/>\u062319. \u062a\u0634\u0627\u063a\u0644\u064a\u0643\u0648\u0644\u0643\u062a\u0634\u064a \u0625\u0645\u060c \u0643\u0627\u0646\u0628\u0627\u0632 \u0625\u062a\u0634. \u0645\u0636\u0627\u0639\u0641\u0627\u062a \u0627\u0644\u062c\u0631\u0627\u062d\u0629 \u0628\u0627\u0644\u0645\u0646\u0638\u0627\u0631. \u0627\u0644\u0641\u0635\u0644 37. \u0643\u062a\u0627\u0628 \u0627\u0644\u062c\u0631\u0627\u062d\u0629 \u0628\u0627\u0644\u0645\u0646\u0638\u0627\u0631. 2007<\/p>\t\t\t\t\t\t\t\t<\/div>\n\t\t\t\t<\/div>\n\t\t\t\t\t<\/div>\n\t\t<\/div>\n\t\t\t\t<div class=\"elementor-column elementor-col-33 elementor-top-column elementor-element elementor-element-7217bc6\" data-id=\"7217bc6\" data-element_type=\"column\">\n\t\t\t<div class=\"elementor-widget-wrap elementor-element-populated\">\n\t\t\t\t\t\t<div class=\"elementor-element elementor-element-284912c elementor-widget elementor-widget-sidebar\" data-id=\"284912c\" data-element_type=\"widget\" data-widget_type=\"sidebar.default\">\n\t\t\t\t<div class=\"elementor-widget-container\">\n\t\t\t\t\t<section id=\"text-5\" class=\"widget widget_text\"><h5 class=\"widget-title\">\u0627\u062d\u0635\u0644 \u0639\u0644\u0649 \u0627\u0644\u0645\u0639\u0644\u0648\u0645\u0627\u062a<\/h5>\t\t\t<div class=\"textwidget\">\n<div class=\"wpcf7 no-js\" id=\"wpcf7-f32106-o1\" lang=\"en-US\" dir=\"ltr\" data-wpcf7-id=\"32106\">\n<div class=\"screen-reader-response\"><p role=\"status\" aria-live=\"polite\" aria-atomic=\"true\"><\/p> <ul><\/ul><\/div>\n<form action=\"\/ar\/wp-json\/wp\/v2\/pages\/49852#wpcf7-f32106-o1\" method=\"post\" class=\"wpcf7-form init\" aria-label=\"\u0646\u0645\u0648\u0630\u062c \u0627\u0644\u0627\u062a\u0635\u0627\u0644\" novalidate=\"novalidate\" data-status=\"init\" data-trp-original-action=\"\/ar\/wp-json\/wp\/v2\/pages\/49852#wpcf7-f32106-o1\">\n<fieldset class=\"hidden-fields-container\"><input type=\"hidden\" name=\"_wpcf7\" value=\"32106\" \/><input type=\"hidden\" name=\"_wpcf7_version\" value=\"6.1.5\" \/><input type=\"hidden\" name=\"_wpcf7_locale\" value=\"en_US\" \/><input type=\"hidden\" name=\"_wpcf7_unit_tag\" value=\"wpcf7-f32106-o1\" \/><input type=\"hidden\" name=\"_wpcf7_container_post\" value=\"0\" \/><input type=\"hidden\" name=\"_wpcf7_posted_data_hash\" value=\"\" \/>\n<\/fieldset>\n<div class=\"book-appointment-contact\">\n\t<div class=\"form-row\">\n\t\t<p><span class=\"wpcf7-form-control-wrap\" data-name=\"isim\"><input size=\"40\" maxlength=\"400\" class=\"wpcf7-form-control wpcf7-text wpcf7-validates-as-required\" aria-required=\"true\" aria-invalid=\"false\" placeholder=\"\u0627\u0633\u0645 \u0627\u0644\u0644\u0642\u0628\" value=\"\" type=\"text\" name=\"isim\" \/><\/span><span><i class=\"fa fa-user\" aria-hidden=\"true\"><\/i><\/span>\n\t\t<\/p>\n\t<\/div>\n\t<div class=\"form-row\">\n\t\t<p><span class=\"wpcf7-form-control-wrap\" data-name=\"telefon\"><input size=\"40\" maxlength=\"400\" class=\"wpcf7-form-control wpcf7-tel wpcf7-validates-as-required wpcf7-text wpcf7-validates-as-tel\" aria-required=\"true\" aria-invalid=\"false\" placeholder=\"\u0647\u0627\u062a\u0641\" value=\"\" type=\"tel\" name=\"telefon\" \/><\/span><span><i class=\"fa fa-phone\" aria-hidden=\"true\"><\/i><\/span>\n\t\t<\/p>\n\t<\/div>\n\t<div class=\"form-row\">\n\t\t<p><span class=\"wpcf7-form-control-wrap\" data-name=\"eposta\"><input size=\"40\" maxlength=\"400\" class=\"wpcf7-form-control wpcf7-email wpcf7-validates-as-required wpcf7-text wpcf7-validates-as-email\" aria-required=\"true\" aria-invalid=\"false\" placeholder=\"\u0628\u0631\u064a\u062f \u0625\u0644\u0643\u062a\u0631\u0648\u0646\u064a\" value=\"\" type=\"email\" name=\"eposta\" \/><\/span><span><i class=\"fa fa-envelope-o\" aria-hidden=\"true\"><\/i><\/span>\n\t\t<\/p>\n\t<\/div>\n\t<div class=\"form-row\">\n\t\t<p><span class=\"wpcf7-form-control-wrap\" data-name=\"mesaj\"><textarea cols=\"40\" rows=\"10\" maxlength=\"2000\" class=\"wpcf7-form-control wpcf7-textarea wpcf7-validates-as-required\" aria-required=\"true\" aria-invalid=\"false\" placeholder=\"\u0631\u0633\u0627\u0644\u0629\" name=\"mesaj\"><\/textarea><\/span><span><\/span>\n\t\t<\/p>\n\t<\/div>\n\t<div class=\"form-row\">\n\t\t<p><span class=\"wpcf7-form-control-wrap\" data-name=\"hcap-cf7\">\t\t<input\n\t\t\t\ttype=\"hidden\"\n\t\t\t\tclass=\"hcaptcha-widget-id\"\n\t\t\t\tname=\"hcaptcha-widget-id\"\n\t\t\t\tvalue=\"eyJzb3VyY2UiOlsiY29udGFjdC1mb3JtLTdcL3dwLWNvbnRhY3QtZm9ybS03LnBocCJdLCJmb3JtX2lkIjozMjEwNn0=-97683bc28fa853fa37cfc617a4369e25\">\n\t\t\t\t<span id=\"hcap_cf7-6a04e0225290b8.85301832\" class=\"wpcf7-form-control h-captcha\"\n\t\t\tdata-sitekey=\"84798d7e-0cf6-4ec3-bb7b-e211c2efeb7b\"\n\t\t\tdata-theme=\"light\"\n\t\t\tdata-size=\"normal\"\n\t\t\tdata-auto=\"false\"\n\t\t\tdata-ajax=\"false\"\n\t\t\tdata-force=\"false\">\n\t\t<\/span>\n\t\t<input type=\"hidden\" id=\"_wpnonce\" name=\"_wpnonce\" value=\"be9d22fe57\" \/><input type=\"hidden\" name=\"_wp_http_referer\" value=\"\/ar\/wp-json\/wp\/v2\/pages\/49852\" \/><\/span><input class=\"wpcf7-form-control wpcf7-submit has-spinner\" type=\"submit\" value=\"\u064a\u0631\u0633\u0644\" \/>\n\t\t<\/p>\n\t<\/div>\n<\/div><div class=\"wpcf7-response-output\" aria-hidden=\"true\"><\/div>\n<input type=\"hidden\" name=\"trp-form-language\" value=\"ar\"\/><\/form>\n<\/div>\n\n<\/div>\n\t\t<\/section><section id=\"nav_menu-2\" class=\"widget widget_nav_menu\"><h5 class=\"widget-title\">\u0627\u0644\u0639\u0644\u0627\u062c\u0627\u062a<\/h5><\/section><section id=\"custom_html-2\" class=\"widget_text widget widget_custom_html\"><h5 class=\"widget-title\">\u0625\u062d\u062c\u0632 \u0645\u0648\u0639\u062f<\/h5><div class=\"textwidget custom-html-widget\"><a id=\"zl-url\" class=\"zl-url\" href=\"https:\/\/www.doktortakvimi.com\/mehmet-caglikulekci\/genel-cerrahi-gastroenteroloji-cerrahisi\/istanbul\" rel=\"nofollow noopener\" data-zlw-doctor=\"mehmet-caglikulekci\" data-zlw-type=\"big_with_calendar\" data-zlw-opinion=\"false\" data-zlw-hide-branding=\"true\" target=\"_blank\">\u0645\u062d\u0645\u062f \u062c\u0627\u063a\u0644\u064a\u0643\u0648\u0644\u0643\u062c\u064a - DoktorTakvimi.com<\/a><script>!function($_x,_s,id){var js,fjs=$_x.getElementsByTagName(_s)[0];if(!$_x.getElementById(id)){js = $_x.createElement(_s);js.id = id;js.src = \"\/\/platform.docplanner.com\/js\/widget.js\";fjs.parentNode.insertBefore(js,fjs);}}(document,\"script\",\"zl-widget-s\");<\/script><\/div><\/section>\t\t\t\t<\/div>\n\t\t\t\t<\/div>\n\t\t\t\t\t<\/div>\n\t\t<\/div>\n\t\t\t\t\t<\/div>\n\t\t<\/section>\n\t\t\t\t<\/div>","protected":false},"excerpt":{"rendered":"<p>\u00c7eviri Kitap Edit\u00f6rl\u00fc\u011f\u00fc A1. Doherty GM, Meko JB, Olson JA, Peplinski GR, Worrall NK. The Washington Manuel of Surgery 2. ed., 1999, Lippincott Williams and Wilkins, Philadelphia, USA. (Ayd\u0131n S, \u00c7a\u011fl\u0131k\u00fclek\u00e7i M, \u00c7olak T, Dirlik M, \u00d6cal K, Ak\u00e7a T (eds). Washington Cerrahi El Kitab\u0131, Nobel T\u0131p Kitapevi-Adana, 2002.) A2. Karaci\u011fer Transplantasyonu Rehber Kitab\u0131d\u0131r. Yeditepe [&hellip;]<\/p>","protected":false},"author":1,"featured_media":49701,"parent":0,"menu_order":0,"comment_status":"closed","ping_status":"closed","template":"elementor_header_footer","meta":{"_acf_changed":false,"footnotes":""},"class_list":["post-49852","page","type-page","status-publish","has-post-thumbnail","hentry"],"acf":[],"_links":{"self":[{"href":"https:\/\/mehmetcaglikulekci.com\/ar\/wp-json\/wp\/v2\/pages\/49852","targetHints":{"allow":["GET"]}}],"collection":[{"href":"https:\/\/mehmetcaglikulekci.com\/ar\/wp-json\/wp\/v2\/pages"}],"about":[{"href":"https:\/\/mehmetcaglikulekci.com\/ar\/wp-json\/wp\/v2\/types\/page"}],"author":[{"embeddable":true,"href":"https:\/\/mehmetcaglikulekci.com\/ar\/wp-json\/wp\/v2\/users\/1"}],"replies":[{"embeddable":true,"href":"https:\/\/mehmetcaglikulekci.com\/ar\/wp-json\/wp\/v2\/comments?post=49852"}],"version-history":[{"count":0,"href":"https:\/\/mehmetcaglikulekci.com\/ar\/wp-json\/wp\/v2\/pages\/49852\/revisions"}],"wp:featuredmedia":[{"embeddable":true,"href":"https:\/\/mehmetcaglikulekci.com\/ar\/wp-json\/wp\/v2\/media\/49701"}],"wp:attachment":[{"href":"https:\/\/mehmetcaglikulekci.com\/ar\/wp-json\/wp\/v2\/media?parent=49852"}],"curies":[{"name":"wp","href":"https:\/\/api.w.org\/{rel}","templated":true}]}}