{"id":49737,"date":"2023-03-28T14:10:01","date_gmt":"2023-03-28T11:10:01","guid":{"rendered":"https:\/\/mehmetcaglikulekci.com\/?page_id=49737"},"modified":"2025-07-21T13:49:26","modified_gmt":"2025-07-21T10:49:26","slug":"rektum-kanseri","status":"publish","type":"page","link":"https:\/\/mehmetcaglikulekci.com\/ar\/%d8%b3%d8%b1%d8%b7%d8%a7%d9%86-%d8%a7%d9%84%d9%85%d8%b3%d8%aa%d9%82%d9%8a%d9%85\/","title":{"rendered":"\u0633\u0631\u0637\u0627\u0646 \u0627\u0644\u0645\u0633\u062a\u0642\u064a\u0645"},"content":{"rendered":"<div data-elementor-type=\"wp-page\" data-elementor-id=\"49737\" class=\"elementor elementor-49737\">\n\t\t\t\t\t\t<section class=\"elementor-section elementor-top-section elementor-element elementor-element-fa43ad9 yazikapsa elementor-section-boxed elementor-section-height-default elementor-section-height-default\" data-id=\"fa43ad9\" data-element_type=\"section\">\n\t\t\t\t\t\t<div class=\"elementor-container elementor-column-gap-default\">\n\t\t\t\t\t<div class=\"elementor-column elementor-col-66 elementor-top-column elementor-element elementor-element-aa1e94e\" data-id=\"aa1e94e\" data-element_type=\"column\">\n\t\t\t<div class=\"elementor-widget-wrap elementor-element-populated\">\n\t\t\t\t\t\t<div class=\"elementor-element elementor-element-e156aeb elementor-widget elementor-widget-text-editor\" data-id=\"e156aeb\" data-element_type=\"widget\" data-widget_type=\"text-editor.default\">\n\t\t\t\t<div class=\"elementor-widget-container\">\n\t\t\t\t\t\t\t\t\t<p><img fetchpriority=\"high\" decoding=\"async\" class=\"alignnone wp-image-49402 size-full\" src=\"https:\/\/mehmetcaglikulekci.com\/wp-content\/uploads\/2023\/03\/rektum-kanseri-6.jpg\" alt=\"\" width=\"950\" height=\"626\" srcset=\"https:\/\/mehmetcaglikulekci.com\/wp-content\/uploads\/2023\/03\/rektum-kanseri-6.jpg 950w, https:\/\/mehmetcaglikulekci.com\/wp-content\/uploads\/2023\/03\/rektum-kanseri-6-364x240.jpg 364w, https:\/\/mehmetcaglikulekci.com\/wp-content\/uploads\/2023\/03\/rektum-kanseri-6-768x506.jpg 768w, https:\/\/mehmetcaglikulekci.com\/wp-content\/uploads\/2023\/03\/rektum-kanseri-6-600x395.jpg 600w\" sizes=\"(max-width: 950px) 100vw, 950px\" \/><\/p><div class=\"kswr-heading-container kswr-theelement\"><h2 class=\"kswr-heading-title kswr-shortcode-element\" data-fontsettings=\"font-size:50px;\">\u0645\u0627 \u0647\u0648 \u0633\u0631\u0637\u0627\u0646 \u0627\u0644\u0645\u0633\u062a\u0642\u064a\u0645\u061f<\/h2><\/div><p>\u0645\u0646 \u0627\u0644\u0645\u0639\u0631\u0648\u0641 \u0623\u0646 \u0647\u0646\u0627\u0643 &quot;\u0639\u0648\u0627\u0645\u0644 \u062e\u0637\u0631&quot; \u0645\u062e\u062a\u0644\u0641\u0629 \u062a\u0643\u0648\u0646 \u0641\u0639\u0627\u0644\u0629 \u0641\u064a \u062a\u0637\u0648\u0631 \u0633\u0631\u0637\u0627\u0646 \u0627\u0644\u0642\u0648\u0644\u0648\u0646 \u0648\u0627\u0644\u0645\u0633\u062a\u0642\u064a\u0645 (CRC). \u0647\u0624\u0644\u0627\u0621\u061b \u0623\u0646 \u064a\u0643\u0648\u0646 \u0639\u0645\u0631\u0643 \u0623\u0643\u062b\u0631 \u0645\u0646 50 \u0639\u0627\u0645\u064b\u0627 \u2013 \u0628\u0633\u0628\u0628 \u0627\u0644\u062f\u0647\u0648\u0646<\/p><p>\u0646\u0638\u0627\u0645 \u063a\u0630\u0627\u0626\u064a \u063a\u0646\u064a \u0648\u0641\u0642\u064a\u0631 \u0628\u0627\u0644\u0623\u0644\u064a\u0627\u0641 - \u0648\u062c\u0648\u062f \u0648\u0631\u0645 \u063a\u062f\u064a \u0627\u0644\u0642\u0648\u0644\u0648\u0646 \u0648\u0627\u0644\u0645\u0633\u062a\u0642\u064a\u0645 &quot;\u0645\u062a\u0632\u0627\u0645\u0646&quot; \u0623\u0648 &quot;\u0645\u062a\u0628\u0627\u062f\u0644&quot; (\u062a\u0645 \u062a\u0637\u0648\u064a\u0631\u0647 \u0644\u0627\u062d\u0642\u064b\u0627) \u0623\u0648 CRC - &quot;Amsterdam-I&quot; &quot;Amsterdam-II&quot;\u060c \u0648\u0627\u0644\u0630\u064a \u064a\u0631\u0628\u0637 \u062d\u0627\u0644\u0627\u062a \u0627\u0644\u0633\u0631\u0637\u0627\u0646 \u0641\u064a \u0627\u0644\u0639\u0627\u0626\u0644\u0629 \u0628\u062e\u0637\u0631 \u0627\u0644\u0625\u0635\u0627\u0628\u0629 \u0628\u0627\u0644\u0633\u0631\u0637\u0627\u0646 \u0627\u0644\u0645\u062d\u062a\u0645\u0644 \u0644\u062f\u0649 \u0627\u0644\u0622\u062e\u0631\u064a\u0646 \u0623\u0641\u0631\u0627\u062f \u0627\u0644\u0623\u0633\u0631\u0629 &quot;\u0648&quot; \u0639\u0648\u0627\u0645\u0644 \u0627\u0644\u062e\u0637\u0631 \u0627\u0644\u0648\u0631\u0627\u062b\u064a\u0629 &quot;\u0627\u0644\u0645\u0639\u0628\u0631 \u0639\u0646\u0647\u0627 \u0628\u0640 &quot;\u0645\u0639\u0627\u064a\u064a\u0631 \u0628\u064a\u062b\u0633\u062a\u0627&quot; - \u064a\u0645\u0643\u0646 \u0627\u0639\u062a\u0628\u0627\u0631\u0647\u0627 &quot;\u062e\u0637\u0631 \u0627\u0644\u0625\u0635\u0627\u0628\u0629 \u0628\u0640 CRC&quot; \u0627\u0644\u0630\u064a \u064a\u062a\u0637\u0648\u0631 \u0641\u064a \u0627\u0644\u0645\u0631\u0627\u062d\u0644 \u0627\u0644\u0645\u062a\u0642\u062f\u0645\u0629 \u0645\u0646 \u0627\u0644\u062a\u0647\u0627\u0628 \u0627\u0644\u0642\u0648\u0644\u0648\u0646 \u0627\u0644\u062a\u0642\u0631\u062d\u064a \u0648\u0645\u0631\u0636 \u0643\u0631\u0648\u0646.<\/p><p>Geli\u015fmi\u015f toplumlarda 100 000\u2019de 50 s\u0131kl\u0131k ile g\u00f6r\u00fclen ve t\u00fcm kanserler aras\u0131nda 4. s\u0131rada yer alan KRK\u2019lerin, yakla\u015f\u0131k %20\u2019sini Rektum kanseri (RK) olu\u015fturur. Rektumu kolon\u2019dan ay\u0131ran ana \u00f6zellik, yerle\u015fiminin farkl\u0131l\u0131\u011f\u0131d\u0131r.<\/p><p>RK leri, makroskopik patoloji a\u00e7\u0131s\u0131ndan bak\u0131ld\u0131\u011f\u0131nda \u00e7o\u011funlukla \u201cpolipoid (vejetan) \u2013 \u00fclser\u00f6z \u2013 infiltratif\u201d tiplerde g\u00f6r\u00fcr\u00fcz, en az rastlanan infiltratif tiplerdir. Mikroskopik olarak ise %98\u2019i \u201cadenokanser\u201ddir.<\/p><h3><strong>\u0623\u0639\u0631\u0627\u0636<\/strong><\/h3><p>\u0641\u064a \u062d\u064a\u0646 \u0623\u0646 \u0628\u0639\u0636 \u0627\u0644\u0645\u0631\u0636\u0649 \u0627\u0644\u0630\u064a\u0646 \u064a\u0639\u0627\u0646\u0648\u0646 \u0645\u0646 RC \u0642\u062f \u064a\u0638\u0644\u0648\u0646 \u0628\u062f\u0648\u0646 \u0623\u0639\u0631\u0627\u0636 \u062d\u062a\u0649 \u064a\u0635\u0644 \u0627\u0644\u0645\u0631\u0636 \u0625\u0644\u0649 \u0645\u0631\u062d\u0644\u0629 \u0645\u062a\u0642\u062f\u0645\u0629\u060c \u0641\u0642\u062f \u064a\u0633\u062a\u0634\u064a\u0631\u0648\u0646 \u0627\u0644\u0637\u0628\u064a\u0628 \u0645\u0639 \u0634\u0643\u0627\u0648\u0649 \u0645\u062b\u0644 \u0627\u0644\u062a\u063a\u064a\u0631\u0627\u062a \u0641\u064a \u0623\u0646\u0645\u0627\u0637 \u0627\u0644\u062a\u063a\u0648\u0637 (\u0625\u0645\u0633\u0627\u0643 \u0623\u0648 \u0625\u0633\u0647\u0627\u0644 \u064a\u062d\u062f\u062b \u062d\u062f\u064a\u062b\u064b\u0627\u060c \u0645\u062a\u0643\u0631\u0631)\u060c \u0648\u0646\u0632\u064a\u0641 \u0627\u0644\u0645\u0633\u062a\u0642\u064a\u0645\u060c \u0648\u0627\u0646\u062e\u0641\u0627\u0636 \u0642\u0637\u0631 \u0627\u0644\u0628\u0631\u0627\u0632\u060c \u0648\u0635\u0639\u0648\u0628\u0629 \u0627\u0644\u062a\u063a\u0648\u0637. \u060c \u0648\u0627\u0644\u0634\u0643\u0627\u0648\u0649 \u0627\u0644\u0645\u0634\u0627\u0628\u0647\u0629. \u0627\u0644\u0623\u0644\u0645 \u062d\u0648\u0644 \u0627\u0644\u0634\u0631\u062c - \u0627\u0644\u0639\u0636\u0644\u0629 \u0627\u0644\u0639\u0627\u0635\u0631\u0629 \u0627\u0644\u0634\u0631\u062c\u064a\u0629\u060c \u0648\u0627\u0644\u0623\u0646\u0633\u062c\u0629 \u0627\u0644\u0639\u0635\u0628\u064a\u0629 \u0623\u0648 \u0625\u0635\u0627\u0628\u0629 \u0627\u0644\u0639\u0638\u0627\u0645\u060c \u0648\u0627\u0644\u0632\u062d\u064a\u0631 (\u0634\u0639\u0648\u0631 \u0645\u0624\u0644\u0645 \u0628\u0627\u0644\u062a\u063a\u0648\u0637) \u0647\u064a \u0623\u0639\u0631\u0627\u0636 &quot;\u0627\u0644\u0645\u0631\u0636 \u0627\u0644\u0645\u062a\u0642\u062f\u0645&quot;\u060c \u0645\u0645\u0627 \u064a\u0634\u064a\u0631 \u0625\u0644\u0649 \u0627\u0646\u062e\u0641\u0627\u0636 \u0641\u064a \u0633\u0639\u0629 \u0627\u0644\u0645\u0633\u062a\u0642\u064a\u0645 \u0627\u0644\u0646\u0627\u062c\u0645 \u0639\u0646 \u0648\u0631\u0645 \u0643\u0628\u064a\u0631 \u0627\u0644\u062d\u062c\u0645. \u064a\u0624\u062f\u064a \u0627\u0644\u062a\u0636\u064a\u0642 \u0627\u0644\u0630\u064a \u064a\u0645\u0646\u0639 \u0627\u0644\u0645\u0631\u0648\u0631 \u0639\u0628\u0631 \u0647\u0630\u0647 \u0627\u0644\u0645\u0646\u0637\u0642\u0629 \u0625\u0644\u0649 \u0627\u0646\u062a\u0641\u0627\u062e \u0627\u0644\u0628\u0637\u0646 \u0648\u0627\u0644\u063a\u062b\u064a\u0627\u0646 \u0648\u0627\u0644\u0642\u064a\u0621 \u0648\u0623\u0644\u0645 \u064a\u0634\u0628\u0647 \u0627\u0644\u0645\u063a\u0635. \u0641\u064a \u0628\u0639\u0636 \u0627\u0644\u062d\u0627\u0644\u0627\u062a\u060c \u0642\u062f \u064a\u0635\u0628\u062d \u0627\u0644\u0645\u0633\u062a\u0642\u064a\u0645 \u0645\u0633\u062f\u0648\u062f\u064b\u0627 \u0628\u0643\u062a\u0644\u0629 \u0648\u0631\u0645 \u0648\u0642\u062f \u062a\u062a\u0637\u0648\u0631 \u062d\u0627\u0644\u0629 &quot;\u0627\u0646\u0633\u062f\u0627\u062f \u0627\u0644\u0623\u0645\u0639\u0627\u0621&quot;.<\/p><p>\u0627\u0644\u0639\u0631\u0636 \u0627\u0644\u0623\u0643\u062b\u0631 \u0634\u064a\u0648\u0639\u064b\u0627 \u0628\u0633\u0628\u0628 RC \u0647\u0648 \u0627\u0644\u062a\u063a\u064a\u0631 \u0641\u064a \u0639\u0627\u062f\u0627\u062a \u0627\u0644\u062a\u063a\u0648\u0637\u060c \u0648\u0627\u0644\u0639\u0631\u0636 \u0627\u0644\u062b\u0627\u0646\u064a \u0627\u0644\u0623\u0643\u062b\u0631 \u0634\u064a\u0648\u0639\u064b\u0627 \u0647\u0648 \u0646\u0632\u064a\u0641 \u0627\u0644\u0645\u0633\u062a\u0642\u064a\u0645.<\/p><p>\u0648\u064a\u0645\u0643\u0646 \u0627\u0644\u0643\u0634\u0641 \u0639\u0646 \u0627\u0644\u0623\u0648\u0631\u0627\u0645 \u0639\u0646 \u0637\u0631\u064a\u0642 \u0641\u062d\u0635 \u0627\u0644\u0642\u0646\u0627\u0629 \u0627\u0644\u0634\u0631\u062c\u064a\u0629 \u0648\u0627\u0644\u0645\u0633\u062a\u0642\u064a\u0645 \u0628\u0640&quot;\u0627\u0644\u0623\u0635\u0628\u0639&quot; \u0623\u0648 &quot;\u0627\u0644\u0645\u0646\u0638\u0627\u0631&quot;.<\/p><h3><strong>\u062a\u0634\u062e\u064a\u0635 \u0646\u0647\u0627\u0626\u064a<\/strong><\/h3><p>\u0648\u064a\u062a\u0645 \u062a\u0634\u062e\u064a\u0635\u0647 \u0639\u0646 \u0637\u0631\u064a\u0642 \u201c\u0627\u0644\u062a\u0646\u0638\u064a\u0631\u201d \u0648\u201d\u0627\u0644\u062e\u0632\u0639\u0629\u201d.<\/p><p>\u064a\u062a\u0645 \u0642\u064a\u0627\u0633 \u0627\u0644\u0645\u0633\u062a\u0636\u062f \u0627\u0644\u0633\u0631\u0637\u0627\u0646\u064a \u0627\u0644\u0645\u0636\u063a\u064a (CEA) \u0642\u0628\u0644 \u0627\u0644\u062c\u0631\u0627\u062d\u0629 \u0648\u064a\u0633\u062a\u062e\u062f\u0645 \u0644\u0644\u0645\u0642\u0627\u0631\u0646\u0629 \u0641\u064a \u0645\u062a\u0627\u0628\u0639\u0627\u062a \u0645\u0627 \u0628\u0639\u062f \u0627\u0644\u062c\u0631\u0627\u062d\u0629.<\/p><p>En \u00f6nemli prognostik g\u00f6sterge, te\u015fhis esnas\u0131nda \u201ct\u00fcm\u00f6r\u00fcn yayg\u0131nl\u0131k\u201d derecesidir. \u0130n situ karsinom (Tis), \u201cy\u00fcksek grade displazi\u201d olarak da kabul edilmektedir ve lenf nodu invazyonu g\u00f6r\u00fclmez. Barsak duvar\u0131na s\u0131n\u0131rl\u0131 (T1, T2) t\u00fcm\u00f6rlerde lenf nodu metastaz\u0131 s\u0131ras\u0131yla %5 ve %20 oran\u0131nda g\u00f6r\u00fcl\u00fcrken rektum duvar\u0131n\u0131 tamamen kaplayan ve kom\u015fu yap\u0131lara da ta\u015fan t\u00fcm\u00f6rlerde (T3, T4) lenf nodu tutulumu %50\u2019yi a\u015fmaktad\u0131r. Tutulan lenf nodu say\u0131s\u0131 4\u2019\u00fc a\u015ft\u0131\u011f\u0131nda, prognoz olumsuz etkilenir. KRK\u2019de en s\u0131k rastlanan uzak metastaz karaci\u011ferde g\u00f6r\u00fcl\u00fcr ve portal ven dallar\u0131n\u0131n invazyonu yoluyla hematojen yay\u0131l\u0131ma ba\u011fl\u0131d\u0131r.<\/p>\t\t\t\t\t\t\t\t<\/div>\n\t\t\t\t<\/div>\n\t\t\t\t\t<\/div>\n\t\t<\/div>\n\t\t\t\t<div class=\"elementor-column elementor-col-33 elementor-top-column elementor-element elementor-element-7217bc6\" data-id=\"7217bc6\" data-element_type=\"column\">\n\t\t\t<div class=\"elementor-widget-wrap elementor-element-populated\">\n\t\t\t\t\t\t<div class=\"elementor-element elementor-element-284912c elementor-widget elementor-widget-sidebar\" data-id=\"284912c\" data-element_type=\"widget\" data-widget_type=\"sidebar.default\">\n\t\t\t\t<div class=\"elementor-widget-container\">\n\t\t\t\t\t<section id=\"text-5\" class=\"widget widget_text\"><h5 class=\"widget-title\">\u0627\u062d\u0635\u0644 \u0639\u0644\u0649 \u0627\u0644\u0645\u0639\u0644\u0648\u0645\u0627\u062a<\/h5>\t\t\t<div class=\"textwidget\">\n<div class=\"wpcf7 no-js\" id=\"wpcf7-f32106-o1\" lang=\"en-US\" dir=\"ltr\" data-wpcf7-id=\"32106\">\n<div class=\"screen-reader-response\"><p role=\"status\" aria-live=\"polite\" aria-atomic=\"true\"><\/p> <ul><\/ul><\/div>\n<form action=\"\/ar\/wp-json\/wp\/v2\/pages\/49737#wpcf7-f32106-o1\" method=\"post\" class=\"wpcf7-form init\" aria-label=\"\u0646\u0645\u0648\u0630\u062c \u0627\u0644\u0627\u062a\u0635\u0627\u0644\" novalidate=\"novalidate\" data-status=\"init\" data-trp-original-action=\"\/ar\/wp-json\/wp\/v2\/pages\/49737#wpcf7-f32106-o1\">\n<fieldset class=\"hidden-fields-container\"><input type=\"hidden\" name=\"_wpcf7\" value=\"32106\" \/><input type=\"hidden\" name=\"_wpcf7_version\" value=\"6.1.5\" \/><input type=\"hidden\" name=\"_wpcf7_locale\" value=\"en_US\" \/><input type=\"hidden\" name=\"_wpcf7_unit_tag\" value=\"wpcf7-f32106-o1\" \/><input type=\"hidden\" name=\"_wpcf7_container_post\" value=\"0\" \/><input type=\"hidden\" name=\"_wpcf7_posted_data_hash\" value=\"\" \/>\n<\/fieldset>\n<div class=\"book-appointment-contact\">\n\t<div class=\"form-row\">\n\t\t<p><span class=\"wpcf7-form-control-wrap\" data-name=\"isim\"><input size=\"40\" maxlength=\"400\" class=\"wpcf7-form-control wpcf7-text wpcf7-validates-as-required\" aria-required=\"true\" aria-invalid=\"false\" placeholder=\"\u0627\u0633\u0645 \u0627\u0644\u0644\u0642\u0628\" value=\"\" type=\"text\" name=\"isim\" \/><\/span><span><i class=\"fa fa-user\" aria-hidden=\"true\"><\/i><\/span>\n\t\t<\/p>\n\t<\/div>\n\t<div class=\"form-row\">\n\t\t<p><span class=\"wpcf7-form-control-wrap\" data-name=\"telefon\"><input size=\"40\" maxlength=\"400\" class=\"wpcf7-form-control wpcf7-tel wpcf7-validates-as-required wpcf7-text wpcf7-validates-as-tel\" aria-required=\"true\" aria-invalid=\"false\" placeholder=\"\u0647\u0627\u062a\u0641\" value=\"\" type=\"tel\" name=\"telefon\" \/><\/span><span><i class=\"fa fa-phone\" aria-hidden=\"true\"><\/i><\/span>\n\t\t<\/p>\n\t<\/div>\n\t<div class=\"form-row\">\n\t\t<p><span class=\"wpcf7-form-control-wrap\" data-name=\"eposta\"><input size=\"40\" maxlength=\"400\" class=\"wpcf7-form-control wpcf7-email wpcf7-validates-as-required wpcf7-text wpcf7-validates-as-email\" aria-required=\"true\" aria-invalid=\"false\" placeholder=\"\u0628\u0631\u064a\u062f \u0625\u0644\u0643\u062a\u0631\u0648\u0646\u064a\" value=\"\" type=\"email\" name=\"eposta\" \/><\/span><span><i class=\"fa fa-envelope-o\" aria-hidden=\"true\"><\/i><\/span>\n\t\t<\/p>\n\t<\/div>\n\t<div class=\"form-row\">\n\t\t<p><span class=\"wpcf7-form-control-wrap\" data-name=\"mesaj\"><textarea cols=\"40\" rows=\"10\" maxlength=\"2000\" class=\"wpcf7-form-control wpcf7-textarea wpcf7-validates-as-required\" aria-required=\"true\" aria-invalid=\"false\" placeholder=\"\u0631\u0633\u0627\u0644\u0629\" name=\"mesaj\"><\/textarea><\/span><span><\/span>\n\t\t<\/p>\n\t<\/div>\n\t<div class=\"form-row\">\n\t\t<p><span class=\"wpcf7-form-control-wrap\" data-name=\"hcap-cf7\">\t\t<input\n\t\t\t\ttype=\"hidden\"\n\t\t\t\tclass=\"hcaptcha-widget-id\"\n\t\t\t\tname=\"hcaptcha-widget-id\"\n\t\t\t\tvalue=\"eyJzb3VyY2UiOlsiY29udGFjdC1mb3JtLTdcL3dwLWNvbnRhY3QtZm9ybS03LnBocCJdLCJmb3JtX2lkIjozMjEwNn0=-97683bc28fa853fa37cfc617a4369e25\">\n\t\t\t\t<span id=\"hcap_cf7-69fbdc08c2ae03.84258200\" class=\"wpcf7-form-control h-captcha\"\n\t\t\tdata-sitekey=\"84798d7e-0cf6-4ec3-bb7b-e211c2efeb7b\"\n\t\t\tdata-theme=\"light\"\n\t\t\tdata-size=\"normal\"\n\t\t\tdata-auto=\"false\"\n\t\t\tdata-ajax=\"false\"\n\t\t\tdata-force=\"false\">\n\t\t<\/span>\n\t\t<input type=\"hidden\" id=\"_wpnonce\" name=\"_wpnonce\" value=\"bda1a373e2\" \/><input type=\"hidden\" name=\"_wp_http_referer\" value=\"\/ar\/wp-json\/wp\/v2\/pages\/49737\" \/><\/span><input class=\"wpcf7-form-control wpcf7-submit has-spinner\" type=\"submit\" value=\"\u064a\u0631\u0633\u0644\" \/>\n\t\t<\/p>\n\t<\/div>\n<\/div><div class=\"wpcf7-response-output\" aria-hidden=\"true\"><\/div>\n<input type=\"hidden\" name=\"trp-form-language\" value=\"ar\"\/><\/form>\n<\/div>\n\n<\/div>\n\t\t<\/section><section id=\"nav_menu-2\" class=\"widget widget_nav_menu\"><h5 class=\"widget-title\">\u0627\u0644\u0639\u0644\u0627\u062c\u0627\u062a<\/h5><\/section><section id=\"custom_html-2\" class=\"widget_text widget widget_custom_html\"><h5 class=\"widget-title\">\u0625\u062d\u062c\u0632 \u0645\u0648\u0639\u062f<\/h5><div class=\"textwidget custom-html-widget\"><a id=\"zl-url\" class=\"zl-url\" href=\"https:\/\/www.doktortakvimi.com\/mehmet-caglikulekci\/genel-cerrahi-gastroenteroloji-cerrahisi\/istanbul\" rel=\"nofollow noopener\" data-zlw-doctor=\"mehmet-caglikulekci\" data-zlw-type=\"big_with_calendar\" data-zlw-opinion=\"false\" data-zlw-hide-branding=\"true\" target=\"_blank\">\u0645\u062d\u0645\u062f \u062c\u0627\u063a\u0644\u064a\u0643\u0648\u0644\u0643\u062c\u064a - DoktorTakvimi.com<\/a><script>!function($_x,_s,id){var js,fjs=$_x.getElementsByTagName(_s)[0];if(!$_x.getElementById(id)){js = $_x.createElement(_s);js.id = id;js.src = \"\/\/platform.docplanner.com\/js\/widget.js\";fjs.parentNode.insertBefore(js,fjs);}}(document,\"script\",\"zl-widget-s\");<\/script><\/div><\/section>\t\t\t\t<\/div>\n\t\t\t\t<\/div>\n\t\t\t\t\t<\/div>\n\t\t<\/div>\n\t\t\t\t\t<\/div>\n\t\t<\/section>\n\t\t\t\t<\/div>","protected":false},"excerpt":{"rendered":"<p>Rektum Kanseri Nedir? Kolorektal kanser (KRK) geli\u015fiminde etkili olan de\u011fi\u015fik \u201crisk fakt\u00f6rleri\u201dnin varl\u0131\u011f\u0131 bilinmektedir. Bunlar; ya\u015f\u0131n 50 nin \u00fczerinde olmas\u0131 \u2013 ya\u011fdan zengin, posadan fakir diyet \u2013 \u201cSenkron\u201d (e\u015f zamanl\u0131) veya \u201cmetakron\u201d (daha sonra geli\u015fmi\u015f) kolorektal adenom veya KRK varl\u0131\u011f\u0131 \u2013 ailede g\u00f6r\u00fclen kanser olgular\u0131yla, di\u011fer aile ferdlerinin olas\u0131 kanser riskini ili\u015fkilendiren, \u201cAmsterdam-I\u201d \u201cAmsterdam-II\u201d ve [&hellip;]<\/p>","protected":false},"author":1,"featured_media":49701,"parent":0,"menu_order":0,"comment_status":"closed","ping_status":"closed","template":"elementor_header_footer","meta":{"_acf_changed":false,"footnotes":""},"class_list":["post-49737","page","type-page","status-publish","has-post-thumbnail","hentry"],"acf":[],"_links":{"self":[{"href":"https:\/\/mehmetcaglikulekci.com\/ar\/wp-json\/wp\/v2\/pages\/49737","targetHints":{"allow":["GET"]}}],"collection":[{"href":"https:\/\/mehmetcaglikulekci.com\/ar\/wp-json\/wp\/v2\/pages"}],"about":[{"href":"https:\/\/mehmetcaglikulekci.com\/ar\/wp-json\/wp\/v2\/types\/page"}],"author":[{"embeddable":true,"href":"https:\/\/mehmetcaglikulekci.com\/ar\/wp-json\/wp\/v2\/users\/1"}],"replies":[{"embeddable":true,"href":"https:\/\/mehmetcaglikulekci.com\/ar\/wp-json\/wp\/v2\/comments?post=49737"}],"version-history":[{"count":0,"href":"https:\/\/mehmetcaglikulekci.com\/ar\/wp-json\/wp\/v2\/pages\/49737\/revisions"}],"wp:featuredmedia":[{"embeddable":true,"href":"https:\/\/mehmetcaglikulekci.com\/ar\/wp-json\/wp\/v2\/media\/49701"}],"wp:attachment":[{"href":"https:\/\/mehmetcaglikulekci.com\/ar\/wp-json\/wp\/v2\/media?parent=49737"}],"curies":[{"name":"wp","href":"https:\/\/api.w.org\/{rel}","templated":true}]}}